{"id":5068,"date":"2022-10-12T16:10:37","date_gmt":"2022-10-12T14:10:37","guid":{"rendered":"https:\/\/www.ingerop.fr\/notre-offre\/nos-missions\/amo-et-conseil\/"},"modified":"2024-04-22T14:20:58","modified_gmt":"2024-04-22T12:20:58","slug":"assistance-to-project-sponsor-consultancy","status":"publish","type":"page","link":"https:\/\/www.ingerop.fr\/en\/our-range-of-services\/our-services\/assistance-to-project-sponsor-consultancy\/","title":{"rendered":"Assistance to project sponsor and consultancy"},"content":{"rendered":"<section class=\"h-screen flex flex-col items-center justify-around relative mb-46 group\" id=\"\">\n    <img decoding=\"async\" width=\"2560\" height=\"2194\" src=\"https:\/\/www.ingerop.fr\/wp-content\/uploads\/2023\/03\/Siteweb_7activites_illustration_SaR_2023.png\" class=\"w-full h-full object-cover absolute\" alt=\"\" srcset=\"https:\/\/www.ingerop.fr\/wp-content\/uploads\/2023\/03\/Siteweb_7activites_illustration_SaR_2023.png 2560w, https:\/\/www.ingerop.fr\/wp-content\/uploads\/2023\/03\/Siteweb_7activites_illustration_SaR_2023-300x257.png 300w, https:\/\/www.ingerop.fr\/wp-content\/uploads\/2023\/03\/Siteweb_7activites_illustration_SaR_2023-1024x878.png 1024w, https:\/\/www.ingerop.fr\/wp-content\/uploads\/2023\/03\/Siteweb_7activites_illustration_SaR_2023-768x658.png 768w, https:\/\/www.ingerop.fr\/wp-content\/uploads\/2023\/03\/Siteweb_7activites_illustration_SaR_2023-1536x1317.png 1536w, https:\/\/www.ingerop.fr\/wp-content\/uploads\/2023\/03\/Siteweb_7activites_illustration_SaR_2023-2048x1755.png 2048w\" sizes=\"(max-width: 2560px) 100vw, 2560px\" \/>    <div class=\"absolute inset-0 bg-bluedark\/30\"><\/div>\n    <div class=\"max-w-[1240px] mx-auto relative text-center px-20  text-white\">\n        <h1 class=\"mb-40 xl:leading-[100px] uppercase\">Our services<\/h1>\n        <div class=\"text-lg font-bold max-w-[640px] mx-auto\"><\/div>\n    <\/div>\n    <div class=\"absolute bottom-32 left-1\/2 -translate-x-1\/2 xl:mb-84\">\n        <a class=\"w-16 text-white block cursor-pointer\" x-data x-on:click=\"document.getElementById('next-section').scrollIntoView();\">\n            <svg height=\"69.107\" viewBox=\"0 0 23 69.107\" width=\"23\" xmlns=\"http:\/\/www.w3.org\/2000\/svg\"><path d=\"m10.3 0v63.931l-8.3-8.304-2 2 11.519 11.48 11.481-11.48-2-2-8.3 8.3v-63.927z\" fill=\"currentColor\"\/><\/svg>\n        <\/a>\n    <\/div>\n<\/section>\n<a id=\"next-section\"><\/a>\n\n\n<div class=\"px-22\">\n    <div class=\"max-w-[1240px] text-[18px] leading-[24px] mx-auto md:py-16 md:py-46 gap-32 lg:flex\" id=\"\">\n        <div class=\"flex-1 prose\">\n            <p>Ingerop is a market leading <strong>engineering and consulting company in sustainable mobility, energy transition and living environment<\/strong>, and in key challenging areas of today and tomorrow.<\/p>\n<p>The Group&#8217;s engineering resources are split into seven sectors and are focused on t<strong>echnical excellence, expertise, innovation, cross-functionality and the adaptation<\/strong> of solutions to meet the functional efficiency requirements of its clients.<\/p>\n<p><strong>Ingerop is at the cutting edge of major technologies<\/strong> thanks to our Scientific and Technical Department. Our close links with the academic and research world, as well as substantial investments in lifelong learning for our staff members, places Ingerop in a position to meet all the challenges of today and tomorrow, in the delivery of our services to our clients.<\/p>\n        <\/div>\n                    <div class=\"flex-1 prose\">\n                <p>Over and above the individual techniques that Ingerop&#8217;s staff members have mastered, they are driven by a constant concern for cross-functionality, systemic thinking and the ability to provide a comprehensive vision.<\/p>\n<p>The men and women at Ingerop Group are fully committed to facing the challenges of their clients and their skills enable them to <strong>provide expert technical support<\/strong> at every stage of the project. Together, our employees are constantly developing innovative solutions and concepts to meet the construction challenges and <strong>invent a better tomorrow.<\/strong><\/p>\n            <\/div>\n                    <\/div>\n<\/div>\n\n\n        <div id=\"menu-sticky\" @scroll.window.throttle.200ms=\"handleScroll\" x-data=\"menuAnchor()\" :class=\"{'translate-y-92 sm:translate-y-100 border-t border-gray-400' : (hasScrolledDownSticky &#038;&#038; !scrollDown )}\" class=\"w-full duration-300 transition-transform ease-in-out sticky inset-x-0 bg-white z-50 top-0\">\n                <ul class=\"w-full overflow-x-scroll md:overflow-hidden relative px-12 flex items-center md:justify-center gap-32\">\n            <li><a class=\"block whitespace-nowrap overflow-hidden text-gray py-14 font-medium uppercase\" href=\"#assistance-to-project-sponsor-and-consultancy\">Assistance to project sponsor and consultancy<\/a><\/li><li><a class=\"block whitespace-nowrap overflow-hidden text-gray py-14 font-medium uppercase\" href=\"#regulatory-permitting\">Regulatory permitting<\/a><\/li><li><a class=\"block whitespace-nowrap overflow-hidden text-gray py-14 font-medium uppercase\" href=\"#technical-assessments\">Technical assessments<\/a><\/li><li><a class=\"block whitespace-nowrap overflow-hidden text-gray py-14 font-medium uppercase\" href=\"#project-management\">Project management<\/a><\/li>        <\/ul>\n    <\/div>\n\n\n    <div class=\"scroll-mt-120\" id=\"assistance-to-project-sponsor-and-consultancy\"><\/div>\n\n\n<div class=\"mx-auto my-32 lg:my-40\" id=\"\">\n    <div class=\"grid md:grid-cols-12 gap-22\">\n        <div class=\"md:col-span-6 lg:col-span-8 relative h-full \">\n            <img decoding=\"async\" width=\"2560\" height=\"1707\" src=\"https:\/\/www.ingerop.fr\/wp-content\/uploads\/2023\/03\/DSC02074-scaled.jpg\" class=\"w-full h-full object-cover md:absolute left-0\" alt=\"\" srcset=\"https:\/\/www.ingerop.fr\/wp-content\/uploads\/2023\/03\/DSC02074-scaled.jpg 2560w, https:\/\/www.ingerop.fr\/wp-content\/uploads\/2023\/03\/DSC02074-300x200.jpg 300w, https:\/\/www.ingerop.fr\/wp-content\/uploads\/2023\/03\/DSC02074-1024x683.jpg 1024w, https:\/\/www.ingerop.fr\/wp-content\/uploads\/2023\/03\/DSC02074-768x512.jpg 768w, https:\/\/www.ingerop.fr\/wp-content\/uploads\/2023\/03\/DSC02074-1536x1024.jpg 1536w, https:\/\/www.ingerop.fr\/wp-content\/uploads\/2023\/03\/DSC02074-2048x1365.jpg 2048w\" sizes=\"(max-width: 2560px) 100vw, 2560px\" \/>        <\/div>\n        <div class=\"md:col-span-6 lg:col-span-4 py-32 md:py-60 lg:py-120 xl:py-160 px-32 xl:px-46 flex items-center lg:min-h-[500px] xl:min-h-[650px]\">\n            <div>\n                <div class=\"text-lg lg:text-xl text-blue font-bold\">Assistance to project sponsor and consultancy<\/div>\n                                    <div class=\"mt-10 prose max-w-none\">At Ingerop, we are experts at sharing our know-how and experience with our clients to help them carry out their projects under the best possible conditions.<\/div>\n                                            <\/div>\n        <\/div>\n    <\/div>\n<\/div>\n\n\n<div class=\"px-22\">\n    <div class=\"max-w-[1240px] text-[18px] leading-[24px] mx-auto md:py-16 md:py-46 gap-32 lg:flex\" id=\"\">\n        <div class=\"flex-1 prose\">\n            <p>As the consultants to project sponsors, we support our clients throughout the project, from the design phase up to final stage. We provide a dedicated team of experts to advise and assist our clients in the management of project costs, completion deadlines and quality.<\/p>\n<p>We also help them solve any problems that may arise and ensure the success of their project.<\/p>\n        <\/div>\n                    <div class=\"flex-1 prose\">\n                <p>We provide unique consultancy services, that enable us to provide our clients with tailor-made services and solutions, adapted to their needs and challenges. We stand by their side to help develop their strategy, improve their efficiency, and bring about innovation to their business sector.<\/p>\n            <\/div>\n                    <\/div>\n<\/div>\n\n\n<div class=\"px-22\">\n    <div class=\"max-w-[1240px] text-[18px] leading-[24px] mx-auto md:py-16 md:py-46 gap-32 lg:flex\" id=\"\">\n        <div class=\"flex-1 prose\">\n            <ul>\n<li>Assistance to project sponsor<\/li>\n<li>Assistance to contracting authorities<\/li>\n<li>Advice to investors and lenders<\/li>\n<li>Operation and maintenance assistance<\/li>\n<li>Scheduling, supervision and coordination (SSC)<\/li>\n<li>Master planning<\/li>\n<\/ul>\n        <\/div>\n                    <div class=\"flex-1 prose\">\n                <ul>\n<li>Pre-project analyses, general analyses, feasibility studies<\/li>\n<li>Socio-economic analyses<\/li>\n<li>Risk management<\/li>\n<li>Training<\/li>\n<li>Communication support<\/li>\n<\/ul>\n            <\/div>\n                    <\/div>\n<\/div>\n\n\n    <div class=\"scroll-mt-120\" id=\"regulatory-permitting\"><\/div>\n\n\n<div class=\"mx-auto my-32 lg:my-40\" id=\"\">\n    <div class=\"grid md:grid-cols-12 gap-22\">\n        <div class=\"md:col-span-6 lg:col-span-8 relative h-full md:order-2\">\n            <img decoding=\"async\" width=\"1200\" height=\"1033\" src=\"https:\/\/www.ingerop.fr\/wp-content\/uploads\/2023\/03\/AET2812.jpg\" class=\"w-full h-full object-cover md:absolute right-0\" alt=\"\" srcset=\"https:\/\/www.ingerop.fr\/wp-content\/uploads\/2023\/03\/AET2812.jpg 1200w, https:\/\/www.ingerop.fr\/wp-content\/uploads\/2023\/03\/AET2812-300x258.jpg 300w, https:\/\/www.ingerop.fr\/wp-content\/uploads\/2023\/03\/AET2812-1024x881.jpg 1024w, https:\/\/www.ingerop.fr\/wp-content\/uploads\/2023\/03\/AET2812-768x661.jpg 768w\" sizes=\"(max-width: 1200px) 100vw, 1200px\" \/>        <\/div>\n        <div class=\"md:col-span-6 lg:col-span-4 py-32 md:py-60 lg:py-120 xl:py-160 px-32 xl:px-46 flex items-center lg:min-h-[500px] xl:min-h-[650px]\">\n            <div>\n                <div class=\"text-lg lg:text-xl text-blue font-bold\">Regulatory permitting<\/div>\n                                    <div class=\"mt-10 prose max-w-none\">Our specialised teams conduct regulatory research, ensuring that projects comply with applicable standards and regulations.<\/div>\n                                            <\/div>\n        <\/div>\n    <\/div>\n<\/div>\n\n\n<div class=\"px-22\">\n    <div class=\"max-w-[1240px] text-[18px] leading-[24px] mx-auto md:py-16 md:py-46 gap-32 lg:flex\" id=\"\">\n        <div class=\"flex-1 prose\">\n            <p>We help our clients understand the regulatory issues related to their project and define an action plan to ensure full compliance. We also provide support with administrative formalities involved in obtaining the required authorisations and approvals.<\/p>\n        <\/div>\n                    <div class=\"flex-1 prose\">\n                <p>Our expertise in regulatory analyses is a key asset for our clients, enabling them to carry out their projects in full compliance with applicable regulations and in full safety.<\/p>\n            <\/div>\n                    <\/div>\n<\/div>\n\n\n<div class=\"px-22\">\n    <div class=\"max-w-[1240px] text-[18px] leading-[24px] mx-auto md:py-16 md:py-46 gap-32 lg:flex\" id=\"\">\n        <div class=\"flex-1 prose\">\n            <ul>\n<li>Statutory processes (environmental, impact assessment, planning permissions, etc.)<\/li>\n<li>Water Act dossiers<\/li>\n<li>Hazard assessments<\/li>\n<li>Safety dossier<\/li>\n<li>Fire prevention<\/li>\n<\/ul>\n        <\/div>\n                    <div class=\"flex-1 prose\">\n                <ul>\n<li>Fire Safety Systems Coordination (SSI)<\/li>\n<li>Carbon footprint assessment<\/li>\n<li>Eco-design<\/li>\n<li>Circular economy<\/li>\n<\/ul>\n            <\/div>\n                    <\/div>\n<\/div>\n\n\n    <div class=\"scroll-mt-120\" id=\"technical-assessments\"><\/div>\n\n\n<div class=\"mx-auto my-32 lg:my-40\" id=\"\">\n    <div class=\"grid md:grid-cols-12 gap-22\">\n        <div class=\"md:col-span-6 lg:col-span-8 relative h-full \">\n            <img decoding=\"async\" width=\"2560\" height=\"1817\" src=\"https:\/\/www.ingerop.fr\/wp-content\/uploads\/2023\/03\/human-Damien-ROUIRE-5fb25e5fe507e017080025-scaled.jpg\" class=\"w-full h-full object-cover md:absolute left-0\" alt=\"\" srcset=\"https:\/\/www.ingerop.fr\/wp-content\/uploads\/2023\/03\/human-Damien-ROUIRE-5fb25e5fe507e017080025-scaled.jpg 2560w, https:\/\/www.ingerop.fr\/wp-content\/uploads\/2023\/03\/human-Damien-ROUIRE-5fb25e5fe507e017080025-300x213.jpg 300w, https:\/\/www.ingerop.fr\/wp-content\/uploads\/2023\/03\/human-Damien-ROUIRE-5fb25e5fe507e017080025-1024x727.jpg 1024w, https:\/\/www.ingerop.fr\/wp-content\/uploads\/2023\/03\/human-Damien-ROUIRE-5fb25e5fe507e017080025-768x545.jpg 768w, https:\/\/www.ingerop.fr\/wp-content\/uploads\/2023\/03\/human-Damien-ROUIRE-5fb25e5fe507e017080025-1536x1090.jpg 1536w, https:\/\/www.ingerop.fr\/wp-content\/uploads\/2023\/03\/human-Damien-ROUIRE-5fb25e5fe507e017080025-2048x1454.jpg 2048w\" sizes=\"(max-width: 2560px) 100vw, 2560px\" \/>        <\/div>\n        <div class=\"md:col-span-6 lg:col-span-4 py-32 md:py-60 lg:py-120 xl:py-160 px-32 xl:px-46 flex items-center lg:min-h-[500px] xl:min-h-[650px]\">\n            <div>\n                <div class=\"text-lg lg:text-xl text-blue font-bold\">Technical assessments<\/div>\n                                    <div class=\"mt-10 prose max-w-none\">We offer an extensive range of technical expert advice to help our clients carry out their projects, whatever the nature. We provide innovative, tailor-made solutions, whilst guaranteeing the optimal quality of service.<\/div>\n                                            <\/div>\n        <\/div>\n    <\/div>\n<\/div>\n\n\n<div class=\"px-22\">\n    <div class=\"max-w-[1240px] text-[18px] leading-[24px] mx-auto md:py-16 md:py-46 gap-32 lg:flex\" id=\"\">\n        <div class=\"flex-1 prose\">\n            <p>Our multidisciplinary experts work in a wide range of technical fields, including construction, infrastructure, renewable energies, environment management or transportation. Our experts are recognised for their ability to provide innovative solutions, anticipate market trends, and meet complex requirements.<\/p>\n        <\/div>\n                    <\/div>\n<\/div>\n\n\n<div class=\"px-22\">\n    <div class=\"max-w-[1240px] text-[18px] leading-[24px] mx-auto md:py-16 md:py-46 gap-32 lg:flex\" id=\"\">\n        <div class=\"flex-1 prose\">\n            <ul>\n<li>Technical audits, diagnoses and due diligence procedures<\/li>\n<li>Complex calculations<\/li>\n<li>Technical design<\/li>\n<\/ul>\n        <\/div>\n                    <\/div>\n<\/div>\n\n\n    <div class=\"scroll-mt-120\" id=\"project-management\"><\/div>\n\n\n<div class=\"mx-auto my-32 lg:my-40\" id=\"\">\n    <div class=\"grid md:grid-cols-12 gap-22\">\n        <div class=\"md:col-span-6 lg:col-span-8 relative h-full md:order-2\">\n            <img decoding=\"async\" width=\"2560\" height=\"1707\" src=\"https:\/\/www.ingerop.fr\/wp-content\/uploads\/2023\/03\/CVC_Gilberto-scaled.jpg\" class=\"w-full h-full object-cover md:absolute right-0\" alt=\"\" srcset=\"https:\/\/www.ingerop.fr\/wp-content\/uploads\/2023\/03\/CVC_Gilberto-scaled.jpg 2560w, https:\/\/www.ingerop.fr\/wp-content\/uploads\/2023\/03\/CVC_Gilberto-300x200.jpg 300w, https:\/\/www.ingerop.fr\/wp-content\/uploads\/2023\/03\/CVC_Gilberto-1024x683.jpg 1024w, https:\/\/www.ingerop.fr\/wp-content\/uploads\/2023\/03\/CVC_Gilberto-768x512.jpg 768w, https:\/\/www.ingerop.fr\/wp-content\/uploads\/2023\/03\/CVC_Gilberto-1536x1024.jpg 1536w, https:\/\/www.ingerop.fr\/wp-content\/uploads\/2023\/03\/CVC_Gilberto-2048x1365.jpg 2048w\" sizes=\"(max-width: 2560px) 100vw, 2560px\" \/>        <\/div>\n        <div class=\"md:col-span-6 lg:col-span-4 py-32 md:py-60 lg:py-120 xl:py-160 px-32 xl:px-46 flex items-center lg:min-h-[500px] xl:min-h-[650px]\">\n            <div>\n                <div class=\"text-lg lg:text-xl text-blue font-bold\">Project management<\/div>\n                                    <div class=\"mt-10 prose max-w-none\">We offer comprehensive, customised project management services to help our clients bring their projects to fruition, whether large or small.\r\n<\/div>\n                                            <\/div>\n        <\/div>\n    <\/div>\n<\/div>\n\n\n<div class=\"px-22\">\n    <div class=\"max-w-[1240px] text-[18px] leading-[24px] mx-auto md:py-16 md:py-46 gap-32 lg:flex\" id=\"\">\n        <div class=\"flex-1 prose\">\n            <p>Our project management teams are staffed with multidisciplinary experts with solid experience in managing complex projects. We support our clients at every stage of their projects, from design to completion, ensuring strict compliance with deadlines and budgets. We are available to anticipate risks and find innovative solutions to prevent them from happening.<\/p>\n        <\/div>\n                    <\/div>\n<\/div>\n\n\n<div class=\"px-22\">\n    <div class=\"max-w-[1240px] text-[18px] leading-[24px] mx-auto md:py-16 md:py-46 gap-32 lg:flex\" id=\"\">\n        <div class=\"flex-1 prose\">\n            <ul>\n<li>Project management<\/li>\n<li>Design engineering<\/li>\n<li>Assistance to procurement<\/li>\n<li>Works supervision<\/li>\n<li>Supervision of testing and commissioning<\/li>\n<li>Execution planning (2D, 3D)<\/li>\n<\/ul>\n        <\/div>\n                    <div class=\"flex-1 prose\">\n                <ul>\n<li>Interface coordination planning (2D, 3D)<\/li>\n<li>Project economics<\/li>\n<li>Equipment plans (inventories, purchasing and layouts)<\/li>\n<li>BIM management<\/li>\n<li>Turnkey contracts (design and build\/concession\/PPP)<\/li>\n<\/ul>\n            <\/div>\n                    <\/div>\n<\/div>\n","protected":false},"excerpt":{"rendered":"","protected":false},"author":1,"featured_media":0,"parent":5017,"menu_order":1,"comment_status":"closed","ping_status":"closed","template":"","meta":{"_acf_changed":false,"inline_featured_image":false,"footnotes":""},"class_list":["post-5068","page","type-page","status-publish","hentry"],"acf":[],"yoast_head":"<!-- This site is optimized with the Yoast SEO Premium plugin v25.5 (Yoast SEO v27.3) - https:\/\/yoast.com\/product\/yoast-seo-premium-wordpress\/ -->\n<title>Assistance \u00e0 ma\u00eetrise d&#039;ouvrage (AMO) et conseil en ing\u00e9nierie - Ing\u00e9rop<\/title>\n<meta name=\"description\" content=\"Ingerop accompagne ses clients tout au long du projet, de la phase de conception jusqu&#039;\u00e0 la r\u00e9ception des travaux.\" \/>\n<meta name=\"robots\" content=\"index, follow, max-snippet:-1, max-image-preview:large, max-video-preview:-1\" \/>\n<link rel=\"canonical\" href=\"https:\/\/www.ingerop.fr\/en\/our-range-of-services\/our-services\/assistance-to-project-sponsor-consultancy\/\" \/>\n<meta property=\"og:locale\" content=\"en_US\" \/>\n<meta property=\"og:type\" content=\"article\" \/>\n<meta property=\"og:title\" content=\"Assistance to project sponsor and consultancy\" \/>\n<meta property=\"og:description\" content=\"Ingerop accompagne ses clients tout au long du projet, de la phase de conception jusqu&#039;\u00e0 la r\u00e9ception des travaux.\" \/>\n<meta property=\"og:url\" content=\"https:\/\/www.ingerop.fr\/en\/our-range-of-services\/our-services\/assistance-to-project-sponsor-consultancy\/\" \/>\n<meta property=\"og:site_name\" content=\"Ing\u00e9rop\" \/>\n<meta property=\"article:modified_time\" content=\"2024-04-22T12:20:58+00:00\" \/>\n<meta name=\"twitter:card\" content=\"summary_large_image\" \/>\n<script type=\"application\/ld+json\" class=\"yoast-schema-graph\">{\"@context\":\"https:\\\/\\\/schema.org\",\"@graph\":[{\"@type\":\"WebPage\",\"@id\":\"https:\\\/\\\/www.ingerop.fr\\\/en\\\/our-range-of-services\\\/our-services\\\/assistance-to-project-sponsor-consultancy\\\/\",\"url\":\"https:\\\/\\\/www.ingerop.fr\\\/en\\\/our-range-of-services\\\/our-services\\\/assistance-to-project-sponsor-consultancy\\\/\",\"name\":\"Assistance \u00e0 ma\u00eetrise d'ouvrage (AMO) et conseil en ing\u00e9nierie - Ing\u00e9rop\",\"isPartOf\":{\"@id\":\"https:\\\/\\\/www.ingerop.fr\\\/en\\\/#website\"},\"datePublished\":\"2022-10-12T14:10:37+00:00\",\"dateModified\":\"2024-04-22T12:20:58+00:00\",\"description\":\"Ingerop accompagne ses clients tout au long du projet, de la phase de conception jusqu'\u00e0 la r\u00e9ception des travaux.\",\"breadcrumb\":{\"@id\":\"https:\\\/\\\/www.ingerop.fr\\\/en\\\/our-range-of-services\\\/our-services\\\/assistance-to-project-sponsor-consultancy\\\/#breadcrumb\"},\"inLanguage\":\"en-US\",\"potentialAction\":[{\"@type\":\"ReadAction\",\"target\":[\"https:\\\/\\\/www.ingerop.fr\\\/en\\\/our-range-of-services\\\/our-services\\\/assistance-to-project-sponsor-consultancy\\\/\"]}]},{\"@type\":\"BreadcrumbList\",\"@id\":\"https:\\\/\\\/www.ingerop.fr\\\/en\\\/our-range-of-services\\\/our-services\\\/assistance-to-project-sponsor-consultancy\\\/#breadcrumb\",\"itemListElement\":[{\"@type\":\"ListItem\",\"position\":1,\"name\":\"Home\",\"item\":\"https:\\\/\\\/www.ingerop.fr\\\/en\\\/\"},{\"@type\":\"ListItem\",\"position\":2,\"name\":\"Our Range of Services\",\"item\":\"https:\\\/\\\/www.ingerop.fr\\\/en\\\/our-range-of-services\\\/\"},{\"@type\":\"ListItem\",\"position\":3,\"name\":\"Our services\",\"item\":\"https:\\\/\\\/www.ingerop.fr\\\/en\\\/our-range-of-services\\\/our-services\\\/\"},{\"@type\":\"ListItem\",\"position\":4,\"name\":\"Assistance to project sponsor and consultancy\"}]},{\"@type\":\"WebSite\",\"@id\":\"https:\\\/\\\/www.ingerop.fr\\\/en\\\/#website\",\"url\":\"https:\\\/\\\/www.ingerop.fr\\\/en\\\/\",\"name\":\"Ing\u00e9rop\",\"description\":\"Inventons demain\",\"publisher\":{\"@id\":\"https:\\\/\\\/www.ingerop.fr\\\/en\\\/#organization\"},\"potentialAction\":[{\"@type\":\"SearchAction\",\"target\":{\"@type\":\"EntryPoint\",\"urlTemplate\":\"https:\\\/\\\/www.ingerop.fr\\\/en\\\/?s={search_term_string}\"},\"query-input\":{\"@type\":\"PropertyValueSpecification\",\"valueRequired\":true,\"valueName\":\"search_term_string\"}}],\"inLanguage\":\"en-US\"},{\"@type\":\"Organization\",\"@id\":\"https:\\\/\\\/www.ingerop.fr\\\/en\\\/#organization\",\"name\":\"Ing\u00e9rop\",\"url\":\"https:\\\/\\\/www.ingerop.fr\\\/en\\\/\",\"logo\":{\"@type\":\"ImageObject\",\"inLanguage\":\"en-US\",\"@id\":\"https:\\\/\\\/www.ingerop.fr\\\/en\\\/#\\\/schema\\\/logo\\\/image\\\/\",\"url\":\"https:\\\/\\\/www.ingerop.fr\\\/wp-content\\\/uploads\\\/2023\\\/07\\\/logo.jpg\",\"contentUrl\":\"https:\\\/\\\/www.ingerop.fr\\\/wp-content\\\/uploads\\\/2023\\\/07\\\/logo.jpg\",\"width\":522,\"height\":151,\"caption\":\"Ing\u00e9rop\"},\"image\":{\"@id\":\"https:\\\/\\\/www.ingerop.fr\\\/en\\\/#\\\/schema\\\/logo\\\/image\\\/\"},\"sameAs\":[\"https:\\\/\\\/www.linkedin.com\\\/company\\\/ingerop\\\/\"]}]}<\/script>\n<!-- \/ Yoast SEO Premium plugin. -->","yoast_head_json":{"title":"Assistance \u00e0 ma\u00eetrise d'ouvrage (AMO) et conseil en ing\u00e9nierie - Ing\u00e9rop","description":"Ingerop accompagne ses clients tout au long du projet, de la phase de conception jusqu'\u00e0 la r\u00e9ception des travaux.","robots":{"index":"index","follow":"follow","max-snippet":"max-snippet:-1","max-image-preview":"max-image-preview:large","max-video-preview":"max-video-preview:-1"},"canonical":"https:\/\/www.ingerop.fr\/en\/our-range-of-services\/our-services\/assistance-to-project-sponsor-consultancy\/","og_locale":"en_US","og_type":"article","og_title":"Assistance to project sponsor and consultancy","og_description":"Ingerop accompagne ses clients tout au long du projet, de la phase de conception jusqu'\u00e0 la r\u00e9ception des travaux.","og_url":"https:\/\/www.ingerop.fr\/en\/our-range-of-services\/our-services\/assistance-to-project-sponsor-consultancy\/","og_site_name":"Ing\u00e9rop","article_modified_time":"2024-04-22T12:20:58+00:00","twitter_card":"summary_large_image","schema":{"@context":"https:\/\/schema.org","@graph":[{"@type":"WebPage","@id":"https:\/\/www.ingerop.fr\/en\/our-range-of-services\/our-services\/assistance-to-project-sponsor-consultancy\/","url":"https:\/\/www.ingerop.fr\/en\/our-range-of-services\/our-services\/assistance-to-project-sponsor-consultancy\/","name":"Assistance \u00e0 ma\u00eetrise d'ouvrage (AMO) et conseil en ing\u00e9nierie - Ing\u00e9rop","isPartOf":{"@id":"https:\/\/www.ingerop.fr\/en\/#website"},"datePublished":"2022-10-12T14:10:37+00:00","dateModified":"2024-04-22T12:20:58+00:00","description":"Ingerop accompagne ses clients tout au long du projet, de la phase de conception jusqu'\u00e0 la r\u00e9ception des travaux.","breadcrumb":{"@id":"https:\/\/www.ingerop.fr\/en\/our-range-of-services\/our-services\/assistance-to-project-sponsor-consultancy\/#breadcrumb"},"inLanguage":"en-US","potentialAction":[{"@type":"ReadAction","target":["https:\/\/www.ingerop.fr\/en\/our-range-of-services\/our-services\/assistance-to-project-sponsor-consultancy\/"]}]},{"@type":"BreadcrumbList","@id":"https:\/\/www.ingerop.fr\/en\/our-range-of-services\/our-services\/assistance-to-project-sponsor-consultancy\/#breadcrumb","itemListElement":[{"@type":"ListItem","position":1,"name":"Home","item":"https:\/\/www.ingerop.fr\/en\/"},{"@type":"ListItem","position":2,"name":"Our Range of Services","item":"https:\/\/www.ingerop.fr\/en\/our-range-of-services\/"},{"@type":"ListItem","position":3,"name":"Our services","item":"https:\/\/www.ingerop.fr\/en\/our-range-of-services\/our-services\/"},{"@type":"ListItem","position":4,"name":"Assistance to project sponsor and consultancy"}]},{"@type":"WebSite","@id":"https:\/\/www.ingerop.fr\/en\/#website","url":"https:\/\/www.ingerop.fr\/en\/","name":"Ing\u00e9rop","description":"Inventons demain","publisher":{"@id":"https:\/\/www.ingerop.fr\/en\/#organization"},"potentialAction":[{"@type":"SearchAction","target":{"@type":"EntryPoint","urlTemplate":"https:\/\/www.ingerop.fr\/en\/?s={search_term_string}"},"query-input":{"@type":"PropertyValueSpecification","valueRequired":true,"valueName":"search_term_string"}}],"inLanguage":"en-US"},{"@type":"Organization","@id":"https:\/\/www.ingerop.fr\/en\/#organization","name":"Ing\u00e9rop","url":"https:\/\/www.ingerop.fr\/en\/","logo":{"@type":"ImageObject","inLanguage":"en-US","@id":"https:\/\/www.ingerop.fr\/en\/#\/schema\/logo\/image\/","url":"https:\/\/www.ingerop.fr\/wp-content\/uploads\/2023\/07\/logo.jpg","contentUrl":"https:\/\/www.ingerop.fr\/wp-content\/uploads\/2023\/07\/logo.jpg","width":522,"height":151,"caption":"Ing\u00e9rop"},"image":{"@id":"https:\/\/www.ingerop.fr\/en\/#\/schema\/logo\/image\/"},"sameAs":["https:\/\/www.linkedin.com\/company\/ingerop\/"]}]}},"_links":{"self":[{"href":"https:\/\/www.ingerop.fr\/en\/wp-json\/wp\/v2\/pages\/5068","targetHints":{"allow":["GET"]}}],"collection":[{"href":"https:\/\/www.ingerop.fr\/en\/wp-json\/wp\/v2\/pages"}],"about":[{"href":"https:\/\/www.ingerop.fr\/en\/wp-json\/wp\/v2\/types\/page"}],"author":[{"embeddable":true,"href":"https:\/\/www.ingerop.fr\/en\/wp-json\/wp\/v2\/users\/1"}],"replies":[{"embeddable":true,"href":"https:\/\/www.ingerop.fr\/en\/wp-json\/wp\/v2\/comments?post=5068"}],"version-history":[{"count":0,"href":"https:\/\/www.ingerop.fr\/en\/wp-json\/wp\/v2\/pages\/5068\/revisions"}],"up":[{"embeddable":true,"href":"https:\/\/www.ingerop.fr\/en\/wp-json\/wp\/v2\/pages\/5017"}],"wp:attachment":[{"href":"https:\/\/www.ingerop.fr\/en\/wp-json\/wp\/v2\/media?parent=5068"}],"curies":[{"name":"wp","href":"https:\/\/api.w.org\/{rel}","templated":true}]}}