{"id":5057,"date":"2022-10-12T16:24:47","date_gmt":"2022-10-12T14:24:47","guid":{"rendered":"https:\/\/www.ingerop.fr\/le-groupe\/notre-raison-detre\/"},"modified":"2025-08-14T11:49:42","modified_gmt":"2025-08-14T09:49:42","slug":"our-purpose","status":"publish","type":"page","link":"https:\/\/www.ingerop.fr\/en\/the-group\/our-purpose\/","title":{"rendered":"Our purpose"},"content":{"rendered":"<section class=\"h-screen flex flex-col items-center justify-around relative mb-46 group\" id=\"\">\n    <div class=\"w-full h-full object-cover absolute group\"><img decoding=\"async\" width=\"2560\" height=\"1843\" src=\"https:\/\/www.ingerop.fr\/wp-content\/uploads\/2023\/01\/UniverSeine\u00a9Dominique-Perrault-architecte_Adagp-scaled.jpg\" class=\"w-full h-full object-cover absolute\" alt=\"\" srcset=\"https:\/\/www.ingerop.fr\/wp-content\/uploads\/2023\/01\/UniverSeine\u00a9Dominique-Perrault-architecte_Adagp-scaled.jpg 2560w, https:\/\/www.ingerop.fr\/wp-content\/uploads\/2023\/01\/UniverSeine\u00a9Dominique-Perrault-architecte_Adagp-300x216.jpg 300w, https:\/\/www.ingerop.fr\/wp-content\/uploads\/2023\/01\/UniverSeine\u00a9Dominique-Perrault-architecte_Adagp-1024x737.jpg 1024w, https:\/\/www.ingerop.fr\/wp-content\/uploads\/2023\/01\/UniverSeine\u00a9Dominique-Perrault-architecte_Adagp-768x553.jpg 768w, https:\/\/www.ingerop.fr\/wp-content\/uploads\/2023\/01\/UniverSeine\u00a9Dominique-Perrault-architecte_Adagp-1536x1106.jpg 1536w, https:\/\/www.ingerop.fr\/wp-content\/uploads\/2023\/01\/UniverSeine\u00a9Dominique-Perrault-architecte_Adagp-2048x1474.jpg 2048w\" sizes=\"(max-width: 2560px) 100vw, 2560px\" \/><div class=\"absolute bottom-5 right-5 md:bottom-32 z-20 md:right-32 bg-[#000]\/50 text-white opacity-0 transition-opacity group-hover:opacity-100 text-xs px-6 py-2\">\u00a9Dominique Perrault architecte_Adagp, Solideo<\/div><\/div>    <div class=\"absolute inset-0 bg-bluedark\/30\"><\/div>\n    <div class=\"max-w-[1240px] mx-auto relative text-center px-20  text-white\">\n        <h1 class=\"mb-40 xl:leading-[100px] \">Our purpose<\/h1>\n        <div class=\"text-lg font-bold max-w-[640px] mx-auto\">Working together to create a sustainable world and a better life for all <\/div>\n    <\/div>\n    <div class=\"absolute bottom-32 left-1\/2 -translate-x-1\/2 xl:mb-84\">\n        <a class=\"w-16 text-white block cursor-pointer\" x-data x-on:click=\"document.getElementById('next-section').scrollIntoView();\">\n            <svg height=\"69.107\" viewBox=\"0 0 23 69.107\" width=\"23\" xmlns=\"http:\/\/www.w3.org\/2000\/svg\"><path d=\"m10.3 0v63.931l-8.3-8.304-2 2 11.519 11.48 11.481-11.48-2-2-8.3 8.3v-63.927z\" fill=\"currentColor\"\/><\/svg>\n        <\/a>\n    <\/div>\n<\/section>\n<a id=\"next-section\"><\/a>\n\n\n<div class=\"px-22\">\n    <div class=\"max-w-[1240px] text-[24px] leading-[30px] my-32 leading-[24px] mx-auto md:py-16 md:py-46 gap-32 lg:flex\" id=\"\">\n        <div class=\"flex-1 prose\">\n            <p>Our world is changing and global companies are changing with it, taking responsibility for the impact their work has on individuals, communities and the environment. For Ingerop Group, this has meant redefining ourselves to reflect the kind of company we want to be. We have a new purpose and fulfilling it means focusing on projects and on individuals, bringing ambitious collaborative work for our planet to the forefront and envisioning our business activities as having a positive impact on people&#8217;s lives.<\/p>\n        <\/div>\n                    <\/div>\n<\/div>\n\n\n<div class=\"mx-auto my-32 lg:my-40\" id=\"\">\n    <div class=\"grid md:grid-cols-12 gap-22\">\n        <div class=\"md:col-span-6 lg:col-span-8 relative h-full \">\n            <img decoding=\"async\" width=\"2560\" height=\"1707\" src=\"https:\/\/www.ingerop.fr\/wp-content\/uploads\/2025\/06\/Vivre-Ensemble-DSC_0115-scaled.jpg\" class=\"w-full h-full object-cover md:absolute left-0\" alt=\"\" srcset=\"https:\/\/www.ingerop.fr\/wp-content\/uploads\/2025\/06\/Vivre-Ensemble-DSC_0115-scaled.jpg 2560w, https:\/\/www.ingerop.fr\/wp-content\/uploads\/2025\/06\/Vivre-Ensemble-DSC_0115-300x200.jpg 300w, https:\/\/www.ingerop.fr\/wp-content\/uploads\/2025\/06\/Vivre-Ensemble-DSC_0115-1024x683.jpg 1024w, https:\/\/www.ingerop.fr\/wp-content\/uploads\/2025\/06\/Vivre-Ensemble-DSC_0115-768x512.jpg 768w, https:\/\/www.ingerop.fr\/wp-content\/uploads\/2025\/06\/Vivre-Ensemble-DSC_0115-1536x1024.jpg 1536w, https:\/\/www.ingerop.fr\/wp-content\/uploads\/2025\/06\/Vivre-Ensemble-DSC_0115-2048x1365.jpg 2048w\" sizes=\"(max-width: 2560px) 100vw, 2560px\" \/>        <\/div>\n        <div class=\"md:col-span-6 lg:col-span-4 py-32 md:py-60 lg:py-120 xl:py-160 px-32 xl:px-46 flex items-center lg:min-h-[500px] xl:min-h-[650px]\">\n            <div>\n                <div class=\"text-lg lg:text-xl text-blue font-bold\">Engineering for the individual<\/div>\n                                            <\/div>\n        <\/div>\n    <\/div>\n<\/div>\n\n\n<div class=\"px-22\">\n    <div class=\"max-w-[1240px] text-[18px] leading-[24px] mx-auto md:py-16 md:py-46 gap-32 lg:flex\" id=\"\">\n        <div class=\"flex-1 prose\">\n            <p>We want to build our projects around individuals while striving towards a collaborative approach to environmental issues and the wellbeing of our teams.<\/p>\n<p>Our Group&#8217;s growth is guided by four values:<\/p>\n<ul>\n<li><strong>Freedom <\/strong>comes above all from Ingerop Group&#8217;s independence. The majority of the Group&#8217;s senior managers are also shareholders so we are free to act for the benefit of the company and the industry. This freedom allows our teams to explore the world of possibilities to find the best solutions for their clients.<\/li>\n<li><strong>Innovation <\/strong>calls for ingenuity and agility. It reflects and inspires our people&#8217;s capacity to adapt, to create, to forge partnerships with the world of research and to embrace the ongoing transformations to our digital and natural worlds. Our IN3 intrapreneurship programme fosters innovation within the Group.<\/li>\n<li><strong>Responsability<\/strong>\u00a0at Ingerop Group is defined by a spirit of enterprise, honouring our agreements with results and the moral commitment we have towards our clients, our employees and the planet.<\/li>\n<li><strong>Excellence<\/strong>\u00a0invites us to find bespoke solutions for even the most complex aspects of every project. It also drives Ingerop&#8217;s commitment to supporting our employees in their personal and professional development.<\/li>\n<\/ul>\n<p>&nbsp;<\/p>\n<p>&nbsp;<\/p>\n        <\/div>\n                    <\/div>\n<\/div>\n\n\n<div class=\"mx-auto my-32 lg:my-40\" id=\"\">\n    <div class=\"grid md:grid-cols-12 gap-22\">\n        <div class=\"md:col-span-6 lg:col-span-8 relative h-full md:order-2\">\n            <img decoding=\"async\" width=\"2560\" height=\"1707\" src=\"https:\/\/www.ingerop.fr\/wp-content\/uploads\/2025\/06\/Photos-travaux_ligne-18_Credit-ACTIERRA-scaled.jpg\" class=\"w-full h-full object-cover md:absolute right-0\" alt=\"Travaux Ligne 18\" srcset=\"https:\/\/www.ingerop.fr\/wp-content\/uploads\/2025\/06\/Photos-travaux_ligne-18_Credit-ACTIERRA-scaled.jpg 2560w, https:\/\/www.ingerop.fr\/wp-content\/uploads\/2025\/06\/Photos-travaux_ligne-18_Credit-ACTIERRA-300x200.jpg 300w, https:\/\/www.ingerop.fr\/wp-content\/uploads\/2025\/06\/Photos-travaux_ligne-18_Credit-ACTIERRA-1024x683.jpg 1024w, https:\/\/www.ingerop.fr\/wp-content\/uploads\/2025\/06\/Photos-travaux_ligne-18_Credit-ACTIERRA-768x512.jpg 768w, https:\/\/www.ingerop.fr\/wp-content\/uploads\/2025\/06\/Photos-travaux_ligne-18_Credit-ACTIERRA-1536x1024.jpg 1536w, https:\/\/www.ingerop.fr\/wp-content\/uploads\/2025\/06\/Photos-travaux_ligne-18_Credit-ACTIERRA-2048x1365.jpg 2048w\" sizes=\"(max-width: 2560px) 100vw, 2560px\" \/>        <\/div>\n        <div class=\"md:col-span-6 lg:col-span-4 py-32 md:py-60 lg:py-120 xl:py-160 px-32 xl:px-46 flex items-center lg:min-h-[500px] xl:min-h-[650px]\">\n            <div>\n                <div class=\"text-lg lg:text-xl text-blue font-bold\">Transforming the world through engineering<\/div>\n                                    <div class=\"mt-10 prose max-w-none\">Ingerop is proud of our values and committed to realising them in our engineering projects. We work continuously with all our teams to improve workplace wellbeing, prioritise research and development, promote innovation and expand our international presence. Ingerop Group plans to keep growing with our mission and core values in mind.<\/div>\n                                            <\/div>\n        <\/div>\n    <\/div>\n<\/div>\n","protected":false},"excerpt":{"rendered":"","protected":false},"author":1,"featured_media":0,"parent":5014,"menu_order":3,"comment_status":"closed","ping_status":"closed","template":"","meta":{"_acf_changed":false,"inline_featured_image":false,"footnotes":""},"class_list":["post-5057","page","type-page","status-publish","hentry"],"acf":[],"yoast_head":"<!-- This site is optimized with the Yoast SEO Premium plugin v27.4 (Yoast SEO v27.4) - https:\/\/yoast.com\/product\/yoast-seo-premium-wordpress\/ -->\n<title>Our purpose - Ing\u00e9rop<\/title>\n<meta name=\"description\" content=\"Agir pour la transformation du monde \u00e0 travers l&#039;ing\u00e9nierie et \u0153uvrer ensemble \u00e0 un monde durable et offrir \u00e0 chacun une vie meilleure.\" \/>\n<meta name=\"robots\" content=\"index, follow, max-snippet:-1, max-image-preview:large, max-video-preview:-1\" \/>\n<link rel=\"canonical\" href=\"https:\/\/www.ingerop.fr\/en\/the-group\/our-purpose\/\" \/>\n<meta property=\"og:locale\" content=\"en_US\" \/>\n<meta property=\"og:type\" content=\"article\" \/>\n<meta property=\"og:title\" content=\"Our purpose\" \/>\n<meta property=\"og:description\" content=\"Agir pour la transformation du monde \u00e0 travers l&#039;ing\u00e9nierie et \u0153uvrer ensemble \u00e0 un monde durable et offrir \u00e0 chacun une vie meilleure.\" \/>\n<meta property=\"og:url\" content=\"https:\/\/www.ingerop.fr\/en\/the-group\/our-purpose\/\" \/>\n<meta property=\"og:site_name\" content=\"Ing\u00e9rop\" \/>\n<meta property=\"article:modified_time\" content=\"2025-08-14T09:49:42+00:00\" \/>\n<meta name=\"twitter:card\" content=\"summary_large_image\" \/>\n<script type=\"application\/ld+json\" class=\"yoast-schema-graph\">{\"@context\":\"https:\\\/\\\/schema.org\",\"@graph\":[{\"@type\":\"WebPage\",\"@id\":\"https:\\\/\\\/www.ingerop.fr\\\/en\\\/the-group\\\/our-purpose\\\/\",\"url\":\"https:\\\/\\\/www.ingerop.fr\\\/en\\\/the-group\\\/our-purpose\\\/\",\"name\":\"Our purpose - Ing\u00e9rop\",\"isPartOf\":{\"@id\":\"https:\\\/\\\/www.ingerop.fr\\\/en\\\/#website\"},\"datePublished\":\"2022-10-12T14:24:47+00:00\",\"dateModified\":\"2025-08-14T09:49:42+00:00\",\"description\":\"Agir pour la transformation du monde \u00e0 travers l'ing\u00e9nierie et \u0153uvrer ensemble \u00e0 un monde durable et offrir \u00e0 chacun une vie meilleure.\",\"breadcrumb\":{\"@id\":\"https:\\\/\\\/www.ingerop.fr\\\/en\\\/the-group\\\/our-purpose\\\/#breadcrumb\"},\"inLanguage\":\"en-US\",\"potentialAction\":[{\"@type\":\"ReadAction\",\"target\":[\"https:\\\/\\\/www.ingerop.fr\\\/en\\\/the-group\\\/our-purpose\\\/\"]}]},{\"@type\":\"BreadcrumbList\",\"@id\":\"https:\\\/\\\/www.ingerop.fr\\\/en\\\/the-group\\\/our-purpose\\\/#breadcrumb\",\"itemListElement\":[{\"@type\":\"ListItem\",\"position\":1,\"name\":\"Home\",\"item\":\"https:\\\/\\\/www.ingerop.fr\\\/en\\\/\"},{\"@type\":\"ListItem\",\"position\":2,\"name\":\"The group\",\"item\":\"https:\\\/\\\/www.ingerop.fr\\\/en\\\/the-group\\\/\"},{\"@type\":\"ListItem\",\"position\":3,\"name\":\"Our purpose\"}]},{\"@type\":\"WebSite\",\"@id\":\"https:\\\/\\\/www.ingerop.fr\\\/en\\\/#website\",\"url\":\"https:\\\/\\\/www.ingerop.fr\\\/en\\\/\",\"name\":\"Ing\u00e9rop\",\"description\":\"Inventons demain\",\"publisher\":{\"@id\":\"https:\\\/\\\/www.ingerop.fr\\\/en\\\/#organization\"},\"potentialAction\":[{\"@type\":\"SearchAction\",\"target\":{\"@type\":\"EntryPoint\",\"urlTemplate\":\"https:\\\/\\\/www.ingerop.fr\\\/en\\\/?s={search_term_string}\"},\"query-input\":{\"@type\":\"PropertyValueSpecification\",\"valueRequired\":true,\"valueName\":\"search_term_string\"}}],\"inLanguage\":\"en-US\"},{\"@type\":\"Organization\",\"@id\":\"https:\\\/\\\/www.ingerop.fr\\\/en\\\/#organization\",\"name\":\"Ing\u00e9rop\",\"url\":\"https:\\\/\\\/www.ingerop.fr\\\/en\\\/\",\"logo\":{\"@type\":\"ImageObject\",\"inLanguage\":\"en-US\",\"@id\":\"https:\\\/\\\/www.ingerop.fr\\\/en\\\/#\\\/schema\\\/logo\\\/image\\\/\",\"url\":\"https:\\\/\\\/www.ingerop.fr\\\/wp-content\\\/uploads\\\/2023\\\/07\\\/logo.jpg\",\"contentUrl\":\"https:\\\/\\\/www.ingerop.fr\\\/wp-content\\\/uploads\\\/2023\\\/07\\\/logo.jpg\",\"width\":522,\"height\":151,\"caption\":\"Ing\u00e9rop\"},\"image\":{\"@id\":\"https:\\\/\\\/www.ingerop.fr\\\/en\\\/#\\\/schema\\\/logo\\\/image\\\/\"},\"sameAs\":[\"https:\\\/\\\/www.linkedin.com\\\/company\\\/ingerop\\\/\"]}]}<\/script>\n<!-- \/ Yoast SEO Premium plugin. -->","yoast_head_json":{"title":"Our purpose - Ing\u00e9rop","description":"Agir pour la transformation du monde \u00e0 travers l'ing\u00e9nierie et \u0153uvrer ensemble \u00e0 un monde durable et offrir \u00e0 chacun une vie meilleure.","robots":{"index":"index","follow":"follow","max-snippet":"max-snippet:-1","max-image-preview":"max-image-preview:large","max-video-preview":"max-video-preview:-1"},"canonical":"https:\/\/www.ingerop.fr\/en\/the-group\/our-purpose\/","og_locale":"en_US","og_type":"article","og_title":"Our purpose","og_description":"Agir pour la transformation du monde \u00e0 travers l'ing\u00e9nierie et \u0153uvrer ensemble \u00e0 un monde durable et offrir \u00e0 chacun une vie meilleure.","og_url":"https:\/\/www.ingerop.fr\/en\/the-group\/our-purpose\/","og_site_name":"Ing\u00e9rop","article_modified_time":"2025-08-14T09:49:42+00:00","twitter_card":"summary_large_image","schema":{"@context":"https:\/\/schema.org","@graph":[{"@type":"WebPage","@id":"https:\/\/www.ingerop.fr\/en\/the-group\/our-purpose\/","url":"https:\/\/www.ingerop.fr\/en\/the-group\/our-purpose\/","name":"Our purpose - Ing\u00e9rop","isPartOf":{"@id":"https:\/\/www.ingerop.fr\/en\/#website"},"datePublished":"2022-10-12T14:24:47+00:00","dateModified":"2025-08-14T09:49:42+00:00","description":"Agir pour la transformation du monde \u00e0 travers l'ing\u00e9nierie et \u0153uvrer ensemble \u00e0 un monde durable et offrir \u00e0 chacun une vie meilleure.","breadcrumb":{"@id":"https:\/\/www.ingerop.fr\/en\/the-group\/our-purpose\/#breadcrumb"},"inLanguage":"en-US","potentialAction":[{"@type":"ReadAction","target":["https:\/\/www.ingerop.fr\/en\/the-group\/our-purpose\/"]}]},{"@type":"BreadcrumbList","@id":"https:\/\/www.ingerop.fr\/en\/the-group\/our-purpose\/#breadcrumb","itemListElement":[{"@type":"ListItem","position":1,"name":"Home","item":"https:\/\/www.ingerop.fr\/en\/"},{"@type":"ListItem","position":2,"name":"The group","item":"https:\/\/www.ingerop.fr\/en\/the-group\/"},{"@type":"ListItem","position":3,"name":"Our purpose"}]},{"@type":"WebSite","@id":"https:\/\/www.ingerop.fr\/en\/#website","url":"https:\/\/www.ingerop.fr\/en\/","name":"Ing\u00e9rop","description":"Inventons demain","publisher":{"@id":"https:\/\/www.ingerop.fr\/en\/#organization"},"potentialAction":[{"@type":"SearchAction","target":{"@type":"EntryPoint","urlTemplate":"https:\/\/www.ingerop.fr\/en\/?s={search_term_string}"},"query-input":{"@type":"PropertyValueSpecification","valueRequired":true,"valueName":"search_term_string"}}],"inLanguage":"en-US"},{"@type":"Organization","@id":"https:\/\/www.ingerop.fr\/en\/#organization","name":"Ing\u00e9rop","url":"https:\/\/www.ingerop.fr\/en\/","logo":{"@type":"ImageObject","inLanguage":"en-US","@id":"https:\/\/www.ingerop.fr\/en\/#\/schema\/logo\/image\/","url":"https:\/\/www.ingerop.fr\/wp-content\/uploads\/2023\/07\/logo.jpg","contentUrl":"https:\/\/www.ingerop.fr\/wp-content\/uploads\/2023\/07\/logo.jpg","width":522,"height":151,"caption":"Ing\u00e9rop"},"image":{"@id":"https:\/\/www.ingerop.fr\/en\/#\/schema\/logo\/image\/"},"sameAs":["https:\/\/www.linkedin.com\/company\/ingerop\/"]}]}},"_links":{"self":[{"href":"https:\/\/www.ingerop.fr\/en\/wp-json\/wp\/v2\/pages\/5057","targetHints":{"allow":["GET"]}}],"collection":[{"href":"https:\/\/www.ingerop.fr\/en\/wp-json\/wp\/v2\/pages"}],"about":[{"href":"https:\/\/www.ingerop.fr\/en\/wp-json\/wp\/v2\/types\/page"}],"author":[{"embeddable":true,"href":"https:\/\/www.ingerop.fr\/en\/wp-json\/wp\/v2\/users\/1"}],"replies":[{"embeddable":true,"href":"https:\/\/www.ingerop.fr\/en\/wp-json\/wp\/v2\/comments?post=5057"}],"version-history":[{"count":0,"href":"https:\/\/www.ingerop.fr\/en\/wp-json\/wp\/v2\/pages\/5057\/revisions"}],"up":[{"embeddable":true,"href":"https:\/\/www.ingerop.fr\/en\/wp-json\/wp\/v2\/pages\/5014"}],"wp:attachment":[{"href":"https:\/\/www.ingerop.fr\/en\/wp-json\/wp\/v2\/media?parent=5057"}],"curies":[{"name":"wp","href":"https:\/\/api.w.org\/{rel}","templated":true}]}}