{"id":5049,"date":"2022-10-12T16:30:07","date_gmt":"2022-10-12T14:30:07","guid":{"rendered":"https:\/\/www.ingerop.fr\/ingerop-et-vous\/sept-bonnes-raisons-de-nous-choisir\/"},"modified":"2025-08-14T15:06:57","modified_gmt":"2025-08-14T13:06:57","slug":"why-ingerop-7-good-reasons","status":"publish","type":"page","link":"https:\/\/www.ingerop.fr\/en\/ingerop-and-you\/why-ingerop-7-good-reasons\/","title":{"rendered":"Why Ingerop? 7 good reasons"},"content":{"rendered":"<section class=\"h-screen flex flex-col items-center justify-around relative mb-46 group\" id=\"\">\n    <img decoding=\"async\" width=\"2560\" height=\"1920\" src=\"https:\/\/www.ingerop.fr\/wp-content\/uploads\/2023\/02\/IMG_1640-scaled.jpg\" class=\"w-full h-full object-cover absolute\" alt=\"\" srcset=\"https:\/\/www.ingerop.fr\/wp-content\/uploads\/2023\/02\/IMG_1640-scaled.jpg 2560w, https:\/\/www.ingerop.fr\/wp-content\/uploads\/2023\/02\/IMG_1640-300x225.jpg 300w, https:\/\/www.ingerop.fr\/wp-content\/uploads\/2023\/02\/IMG_1640-1024x768.jpg 1024w, https:\/\/www.ingerop.fr\/wp-content\/uploads\/2023\/02\/IMG_1640-768x576.jpg 768w, https:\/\/www.ingerop.fr\/wp-content\/uploads\/2023\/02\/IMG_1640-1536x1152.jpg 1536w, https:\/\/www.ingerop.fr\/wp-content\/uploads\/2023\/02\/IMG_1640-2048x1536.jpg 2048w\" sizes=\"(max-width: 2560px) 100vw, 2560px\" \/>    <div class=\"absolute inset-0 bg-bluedark\/30\"><\/div>\n    <div class=\"max-w-[1240px] mx-auto relative text-center px-20  text-white\">\n        <h1 class=\"mb-40 xl:leading-[100px] \">Why Ingerop? <br \/>\r\n7 good reasons<\/h1>\n        <div class=\"text-lg font-bold max-w-[640px] mx-auto\"><\/div>\n    <\/div>\n    <div class=\"absolute bottom-32 left-1\/2 -translate-x-1\/2 xl:mb-84\">\n        <a class=\"w-16 text-white block cursor-pointer\" x-data x-on:click=\"document.getElementById('next-section').scrollIntoView();\">\n            <svg height=\"69.107\" viewBox=\"0 0 23 69.107\" width=\"23\" xmlns=\"http:\/\/www.w3.org\/2000\/svg\"><path d=\"m10.3 0v63.931l-8.3-8.304-2 2 11.519 11.48 11.481-11.48-2-2-8.3 8.3v-63.927z\" fill=\"currentColor\"\/><\/svg>\n        <\/a>\n    <\/div>\n<\/section>\n<a id=\"next-section\"><\/a>\n\n\n<div class=\"px-22\">\n    <div class=\"max-w-[1240px] text-[18px] leading-[24px] mx-auto md:py-16 md:py-46 gap-32 lg:flex\" id=\"\">\n        <div class=\"flex-1 prose\">\n            <p>Our history and culture are based on expertise and operational excellence in the service of our clients and their projects. Our actions are guided by caring, intelligence and collective performance so that we can enable every member of our team to blossom, contribute and grow professionally.<\/p>\n        <\/div>\n                    <\/div>\n<\/div>\n\n\n<div class=\"mx-auto my-32 lg:my-40\" id=\"\">\n    <div class=\"grid md:grid-cols-12 gap-22\">\n        <div class=\"md:col-span-6 lg:col-span-8 relative h-full \">\n            <img decoding=\"async\" width=\"2560\" height=\"1211\" src=\"https:\/\/www.ingerop.fr\/wp-content\/uploads\/2022\/12\/Damien-Boutur-634d6a215234a633018530-scaled.jpg\" class=\"w-full h-full object-cover md:absolute left-0\" alt=\"\" srcset=\"https:\/\/www.ingerop.fr\/wp-content\/uploads\/2022\/12\/Damien-Boutur-634d6a215234a633018530-scaled.jpg 2560w, https:\/\/www.ingerop.fr\/wp-content\/uploads\/2022\/12\/Damien-Boutur-634d6a215234a633018530-300x142.jpg 300w, https:\/\/www.ingerop.fr\/wp-content\/uploads\/2022\/12\/Damien-Boutur-634d6a215234a633018530-1024x485.jpg 1024w, https:\/\/www.ingerop.fr\/wp-content\/uploads\/2022\/12\/Damien-Boutur-634d6a215234a633018530-768x363.jpg 768w, https:\/\/www.ingerop.fr\/wp-content\/uploads\/2022\/12\/Damien-Boutur-634d6a215234a633018530-1536x727.jpg 1536w, https:\/\/www.ingerop.fr\/wp-content\/uploads\/2022\/12\/Damien-Boutur-634d6a215234a633018530-2048x969.jpg 2048w\" sizes=\"(max-width: 2560px) 100vw, 2560px\" \/>        <\/div>\n        <div class=\"md:col-span-6 lg:col-span-4 py-32 md:py-60 lg:py-120 xl:py-160 px-32 xl:px-46 flex items-center lg:min-h-[500px] xl:min-h-[650px]\">\n            <div>\n                <div class=\"text-lg lg:text-xl text-blue font-bold\">1. Major projects<\/div>\n                                    <div class=\"mt-10 prose max-w-none\">Take part in major engineering projects that will shape tomorrow&#8217;s living environment. Recent projects include: the restoration of the Grand Palais cultural complex, new metro lines for the Grand Paris Express, H\u00f4pital Grand Paris Nord&#8217;s new Saint-Ouen campus, the renaturalisation of the Rhine riverbanks and the HS2 Highspeed Railway between London and Birmingham.<\/div>\n                                            <\/div>\n        <\/div>\n    <\/div>\n<\/div>\n\n\n<div class=\"mx-auto my-32 lg:my-40\" id=\"\">\n    <div class=\"grid md:grid-cols-12 gap-22\">\n        <div class=\"md:col-span-6 lg:col-span-8 relative h-full md:order-2\">\n            <img decoding=\"async\" width=\"2560\" height=\"1920\" src=\"https:\/\/www.ingerop.fr\/wp-content\/uploads\/2023\/01\/Modele-de-gouvernance-unique-CA-grand-palais-2-copie-e1752045892989.jpg\" class=\"w-full h-full object-cover md:absolute right-0\" alt=\"\" \/>        <\/div>\n        <div class=\"md:col-span-6 lg:col-span-4 py-32 md:py-60 lg:py-120 xl:py-160 px-32 xl:px-46 flex items-center lg:min-h-[500px] xl:min-h-[650px]\">\n            <div>\n                <div class=\"text-lg lg:text-xl text-blue font-bold\">2. Uniquely governed <\/div>\n                                    <div class=\"mt-10 prose max-w-none\">Stand out from the crowd with our unique governance model derived from the Group\u2019s independence and its 100% employee shareholder base, which ensures close ties between management and their teams.<\/div>\n                                                    <div class=\"mt-32 self-center\">\n                        <a class=\"btn inline-block\" href=\"https:\/\/www.ingerop.fr\/en\/the-group\/governance\/\">Learn more<\/a>\n                    <\/div>\n                            <\/div>\n        <\/div>\n    <\/div>\n<\/div>\n\n\n<div class=\"mx-auto my-32 lg:my-40\" id=\"\">\n    <div class=\"grid md:grid-cols-12 gap-22\">\n        <div class=\"md:col-span-6 lg:col-span-8 relative h-full \">\n            <img decoding=\"async\" width=\"2560\" height=\"1707\" src=\"https:\/\/www.ingerop.fr\/wp-content\/uploads\/2025\/06\/RH-Qualite-de-Vie-au-Travail-scaled.jpg\" class=\"w-full h-full object-cover md:absolute left-0\" alt=\"\" srcset=\"https:\/\/www.ingerop.fr\/wp-content\/uploads\/2025\/06\/RH-Qualite-de-Vie-au-Travail-scaled.jpg 2560w, https:\/\/www.ingerop.fr\/wp-content\/uploads\/2025\/06\/RH-Qualite-de-Vie-au-Travail-300x200.jpg 300w, https:\/\/www.ingerop.fr\/wp-content\/uploads\/2025\/06\/RH-Qualite-de-Vie-au-Travail-1024x683.jpg 1024w, https:\/\/www.ingerop.fr\/wp-content\/uploads\/2025\/06\/RH-Qualite-de-Vie-au-Travail-768x512.jpg 768w, https:\/\/www.ingerop.fr\/wp-content\/uploads\/2025\/06\/RH-Qualite-de-Vie-au-Travail-1536x1024.jpg 1536w, https:\/\/www.ingerop.fr\/wp-content\/uploads\/2025\/06\/RH-Qualite-de-Vie-au-Travail-2048x1365.jpg 2048w\" sizes=\"(max-width: 2560px) 100vw, 2560px\" \/>        <\/div>\n        <div class=\"md:col-span-6 lg:col-span-4 py-32 md:py-60 lg:py-120 xl:py-160 px-32 xl:px-46 flex items-center lg:min-h-[500px] xl:min-h-[650px]\">\n            <div>\n                <div class=\"text-lg lg:text-xl text-blue font-bold\">3. A great place to work<\/div>\n                                    <div class=\"mt-10 prose max-w-none\">Enjoy a high quality of life at work, thanks in particular to our teleworking days, our time savings account and our financial assistance for childcare. And thanks also to our many moments of conviviality that contribute to the general well-being and a caring atmosphere.\r\n<\/div>\n                                            <\/div>\n        <\/div>\n    <\/div>\n<\/div>\n\n\n<div class=\"mx-auto my-32 lg:my-40\" id=\"\">\n    <div class=\"grid md:grid-cols-12 gap-22\">\n        <div class=\"md:col-span-6 lg:col-span-8 relative h-full md:order-2\">\n            <img decoding=\"async\" width=\"2560\" height=\"1920\" src=\"https:\/\/www.ingerop.fr\/wp-content\/uploads\/2023\/01\/RTT-solidaire-IMG_20221011_165222.jpg\" class=\"w-full h-full object-cover md:absolute right-0\" alt=\"\" srcset=\"https:\/\/www.ingerop.fr\/wp-content\/uploads\/2023\/01\/RTT-solidaire-IMG_20221011_165222.jpg 2560w, https:\/\/www.ingerop.fr\/wp-content\/uploads\/2023\/01\/RTT-solidaire-IMG_20221011_165222-300x225.jpg 300w, https:\/\/www.ingerop.fr\/wp-content\/uploads\/2023\/01\/RTT-solidaire-IMG_20221011_165222-1024x768.jpg 1024w, https:\/\/www.ingerop.fr\/wp-content\/uploads\/2023\/01\/RTT-solidaire-IMG_20221011_165222-768x576.jpg 768w, https:\/\/www.ingerop.fr\/wp-content\/uploads\/2023\/01\/RTT-solidaire-IMG_20221011_165222-1536x1152.jpg 1536w, https:\/\/www.ingerop.fr\/wp-content\/uploads\/2023\/01\/RTT-solidaire-IMG_20221011_165222-2048x1536.jpg 2048w\" sizes=\"(max-width: 2560px) 100vw, 2560px\" \/>        <\/div>\n        <div class=\"md:col-span-6 lg:col-span-4 py-32 md:py-60 lg:py-120 xl:py-160 px-32 xl:px-46 flex items-center lg:min-h-[500px] xl:min-h-[650px]\">\n            <div>\n                <div class=\"text-lg lg:text-xl text-blue font-bold\">4. Care for the community<\/div>\n                                    <div class=\"mt-10 prose max-w-none\">Get involved with a company that runs its own social responsibility initiatives e.g. Cong\u00e9 Solidaire\u00ae, charity runs and donation drives in support of local NPOs.<\/div>\n                                            <\/div>\n        <\/div>\n    <\/div>\n<\/div>\n\n\n<div class=\"mx-auto my-32 lg:my-40\" id=\"\">\n    <div class=\"grid md:grid-cols-12 gap-22\">\n        <div class=\"md:col-span-6 lg:col-span-8 relative h-full \">\n            <img decoding=\"async\" width=\"2560\" height=\"1707\" src=\"https:\/\/www.ingerop.fr\/wp-content\/uploads\/2025\/06\/Excellence-CityClimateX-041-scaled.jpg\" class=\"w-full h-full object-cover md:absolute left-0\" alt=\"\" srcset=\"https:\/\/www.ingerop.fr\/wp-content\/uploads\/2025\/06\/Excellence-CityClimateX-041-scaled.jpg 2560w, https:\/\/www.ingerop.fr\/wp-content\/uploads\/2025\/06\/Excellence-CityClimateX-041-300x200.jpg 300w, https:\/\/www.ingerop.fr\/wp-content\/uploads\/2025\/06\/Excellence-CityClimateX-041-1024x683.jpg 1024w, https:\/\/www.ingerop.fr\/wp-content\/uploads\/2025\/06\/Excellence-CityClimateX-041-768x512.jpg 768w, https:\/\/www.ingerop.fr\/wp-content\/uploads\/2025\/06\/Excellence-CityClimateX-041-1536x1024.jpg 1536w, https:\/\/www.ingerop.fr\/wp-content\/uploads\/2025\/06\/Excellence-CityClimateX-041-2048x1365.jpg 2048w\" sizes=\"(max-width: 2560px) 100vw, 2560px\" \/>        <\/div>\n        <div class=\"md:col-span-6 lg:col-span-4 py-32 md:py-60 lg:py-120 xl:py-160 px-32 xl:px-46 flex items-center lg:min-h-[500px] xl:min-h-[650px]\">\n            <div>\n                <div class=\"text-lg lg:text-xl text-blue font-bold\">5. Employee development<\/div>\n                                    <div class=\"mt-10 prose max-w-none\">Benefit from a great employee development programme that offers career progression, mobility between regions and countries and our substantial investment in training.<\/div>\n                                                    <div class=\"mt-32 self-center\">\n                        <a class=\"btn inline-block\" href=\"https:\/\/www.ingerop.fr\/en\/ingerop-and-you\/life-at-ingerop\/\">Learn more<\/a>\n                    <\/div>\n                            <\/div>\n        <\/div>\n    <\/div>\n<\/div>\n\n\n<div class=\"mx-auto my-32 lg:my-40\" id=\"\">\n    <div class=\"grid md:grid-cols-12 gap-22\">\n        <div class=\"md:col-span-6 lg:col-span-8 relative h-full md:order-2\">\n            <img decoding=\"async\" width=\"2560\" height=\"1183\" src=\"https:\/\/www.ingerop.fr\/wp-content\/uploads\/2023\/01\/Une-politique-en-faveur-de-linnovation-Incube-copie-scaled.jpg\" class=\"w-full h-full object-cover md:absolute right-0\" alt=\"\" srcset=\"https:\/\/www.ingerop.fr\/wp-content\/uploads\/2023\/01\/Une-politique-en-faveur-de-linnovation-Incube-copie-scaled.jpg 2560w, https:\/\/www.ingerop.fr\/wp-content\/uploads\/2023\/01\/Une-politique-en-faveur-de-linnovation-Incube-copie-300x139.jpg 300w, https:\/\/www.ingerop.fr\/wp-content\/uploads\/2023\/01\/Une-politique-en-faveur-de-linnovation-Incube-copie-1024x473.jpg 1024w, https:\/\/www.ingerop.fr\/wp-content\/uploads\/2023\/01\/Une-politique-en-faveur-de-linnovation-Incube-copie-768x355.jpg 768w, https:\/\/www.ingerop.fr\/wp-content\/uploads\/2023\/01\/Une-politique-en-faveur-de-linnovation-Incube-copie-1536x710.jpg 1536w, https:\/\/www.ingerop.fr\/wp-content\/uploads\/2023\/01\/Une-politique-en-faveur-de-linnovation-Incube-copie-2048x946.jpg 2048w\" sizes=\"(max-width: 2560px) 100vw, 2560px\" \/>        <\/div>\n        <div class=\"md:col-span-6 lg:col-span-4 py-32 md:py-60 lg:py-120 xl:py-160 px-32 xl:px-46 flex items-center lg:min-h-[500px] xl:min-h-[650px]\">\n            <div>\n                <div class=\"text-lg lg:text-xl text-blue font-bold\">6. Space to innovate<\/div>\n                                    <div class=\"mt-10 prose max-w-none\">Prepare for tomorrow with our approach to innovation, inspired by our corporate values, realised in actions fostering research and embodied in IN3, our dynamic intrapreneurship programme that aims to invent the businesses of tomorrow.<\/div>\n                                            <\/div>\n        <\/div>\n    <\/div>\n<\/div>\n\n\n<div class=\"mx-auto my-32 lg:my-40\" id=\"\">\n    <div class=\"grid md:grid-cols-12 gap-22\">\n        <div class=\"md:col-span-6 lg:col-span-8 relative h-full \">\n            <img decoding=\"async\" width=\"2560\" height=\"1920\" src=\"https:\/\/www.ingerop.fr\/wp-content\/uploads\/2025\/06\/Muhlbaechel_-credit-Basil-Heil-scaled.jpg\" class=\"w-full h-full object-cover md:absolute left-0\" alt=\"\" srcset=\"https:\/\/www.ingerop.fr\/wp-content\/uploads\/2025\/06\/Muhlbaechel_-credit-Basil-Heil-scaled.jpg 2560w, https:\/\/www.ingerop.fr\/wp-content\/uploads\/2025\/06\/Muhlbaechel_-credit-Basil-Heil-300x225.jpg 300w, https:\/\/www.ingerop.fr\/wp-content\/uploads\/2025\/06\/Muhlbaechel_-credit-Basil-Heil-1024x768.jpg 1024w, https:\/\/www.ingerop.fr\/wp-content\/uploads\/2025\/06\/Muhlbaechel_-credit-Basil-Heil-768x576.jpg 768w, https:\/\/www.ingerop.fr\/wp-content\/uploads\/2025\/06\/Muhlbaechel_-credit-Basil-Heil-1536x1152.jpg 1536w, https:\/\/www.ingerop.fr\/wp-content\/uploads\/2025\/06\/Muhlbaechel_-credit-Basil-Heil-2048x1536.jpg 2048w\" sizes=\"(max-width: 2560px) 100vw, 2560px\" \/>        <\/div>\n        <div class=\"md:col-span-6 lg:col-span-4 py-32 md:py-60 lg:py-120 xl:py-160 px-32 xl:px-46 flex items-center lg:min-h-[500px] xl:min-h-[650px]\">\n            <div>\n                <div class=\"text-lg lg:text-xl text-blue font-bold\">7. Sustainability in action<\/div>\n                                    <div class=\"mt-10 prose max-w-none\">Contribute to our work in sustainability, one of the priorities outlined in our strategic plan: Vision 2027.<\/div>\n                                                    <div class=\"mt-32 self-center\">\n                        <a class=\"btn inline-block\" href=\"https:\/\/www.ingerop.fr\/en\/the-group\/vision-2027\/\">Learn more<\/a>\n                    <\/div>\n                            <\/div>\n        <\/div>\n    <\/div>\n<\/div>\n","protected":false},"excerpt":{"rendered":"","protected":false},"author":1,"featured_media":0,"parent":5013,"menu_order":5,"comment_status":"closed","ping_status":"closed","template":"","meta":{"_acf_changed":false,"inline_featured_image":false,"footnotes":""},"class_list":["post-5049","page","type-page","status-publish","hentry"],"acf":[],"yoast_head":"<!-- This site is optimized with the Yoast SEO Premium plugin v27.4 (Yoast SEO v27.4) - https:\/\/yoast.com\/product\/yoast-seo-premium-wordpress\/ -->\n<title>Why Ingerop? 7 good reasons - Ing\u00e9rop<\/title>\n<meta name=\"description\" content=\"T\u00e9l\u00e9travail, QVT, formation, innovation interne, processus d&#039;onboarding, CET, BSI : d\u00e9couvrez 7 bonnes raisons de choisir Ingerop.\" \/>\n<meta name=\"robots\" content=\"index, follow, max-snippet:-1, max-image-preview:large, max-video-preview:-1\" \/>\n<link rel=\"canonical\" href=\"https:\/\/www.ingerop.fr\/en\/ingerop-and-you\/why-ingerop-7-good-reasons\/\" \/>\n<meta property=\"og:locale\" content=\"en_US\" \/>\n<meta property=\"og:type\" content=\"article\" \/>\n<meta property=\"og:title\" content=\"Why Ingerop? 7 good reasons\" \/>\n<meta property=\"og:description\" content=\"T\u00e9l\u00e9travail, QVT, formation, innovation interne, processus d&#039;onboarding, CET, BSI : d\u00e9couvrez 7 bonnes raisons de choisir Ingerop.\" \/>\n<meta property=\"og:url\" content=\"https:\/\/www.ingerop.fr\/en\/ingerop-and-you\/why-ingerop-7-good-reasons\/\" \/>\n<meta property=\"og:site_name\" content=\"Ing\u00e9rop\" \/>\n<meta property=\"article:modified_time\" content=\"2025-08-14T13:06:57+00:00\" \/>\n<meta name=\"twitter:card\" content=\"summary_large_image\" \/>\n<script type=\"application\/ld+json\" class=\"yoast-schema-graph\">{\"@context\":\"https:\\\/\\\/schema.org\",\"@graph\":[{\"@type\":\"WebPage\",\"@id\":\"https:\\\/\\\/www.ingerop.fr\\\/en\\\/ingerop-and-you\\\/why-ingerop-7-good-reasons\\\/\",\"url\":\"https:\\\/\\\/www.ingerop.fr\\\/en\\\/ingerop-and-you\\\/why-ingerop-7-good-reasons\\\/\",\"name\":\"Why Ingerop? 7 good reasons - Ing\u00e9rop\",\"isPartOf\":{\"@id\":\"https:\\\/\\\/www.ingerop.fr\\\/en\\\/#website\"},\"datePublished\":\"2022-10-12T14:30:07+00:00\",\"dateModified\":\"2025-08-14T13:06:57+00:00\",\"description\":\"T\u00e9l\u00e9travail, QVT, formation, innovation interne, processus d'onboarding, CET, BSI : d\u00e9couvrez 7 bonnes raisons de choisir Ingerop.\",\"breadcrumb\":{\"@id\":\"https:\\\/\\\/www.ingerop.fr\\\/en\\\/ingerop-and-you\\\/why-ingerop-7-good-reasons\\\/#breadcrumb\"},\"inLanguage\":\"en-US\",\"potentialAction\":[{\"@type\":\"ReadAction\",\"target\":[\"https:\\\/\\\/www.ingerop.fr\\\/en\\\/ingerop-and-you\\\/why-ingerop-7-good-reasons\\\/\"]}]},{\"@type\":\"BreadcrumbList\",\"@id\":\"https:\\\/\\\/www.ingerop.fr\\\/en\\\/ingerop-and-you\\\/why-ingerop-7-good-reasons\\\/#breadcrumb\",\"itemListElement\":[{\"@type\":\"ListItem\",\"position\":1,\"name\":\"Home\",\"item\":\"https:\\\/\\\/www.ingerop.fr\\\/en\\\/\"},{\"@type\":\"ListItem\",\"position\":2,\"name\":\"Ingerop and you\",\"item\":\"https:\\\/\\\/www.ingerop.fr\\\/en\\\/ingerop-and-you\\\/\"},{\"@type\":\"ListItem\",\"position\":3,\"name\":\"Why Ingerop? 7 good reasons\"}]},{\"@type\":\"WebSite\",\"@id\":\"https:\\\/\\\/www.ingerop.fr\\\/en\\\/#website\",\"url\":\"https:\\\/\\\/www.ingerop.fr\\\/en\\\/\",\"name\":\"Ing\u00e9rop\",\"description\":\"Inventons demain\",\"publisher\":{\"@id\":\"https:\\\/\\\/www.ingerop.fr\\\/en\\\/#organization\"},\"potentialAction\":[{\"@type\":\"SearchAction\",\"target\":{\"@type\":\"EntryPoint\",\"urlTemplate\":\"https:\\\/\\\/www.ingerop.fr\\\/en\\\/?s={search_term_string}\"},\"query-input\":{\"@type\":\"PropertyValueSpecification\",\"valueRequired\":true,\"valueName\":\"search_term_string\"}}],\"inLanguage\":\"en-US\"},{\"@type\":\"Organization\",\"@id\":\"https:\\\/\\\/www.ingerop.fr\\\/en\\\/#organization\",\"name\":\"Ing\u00e9rop\",\"url\":\"https:\\\/\\\/www.ingerop.fr\\\/en\\\/\",\"logo\":{\"@type\":\"ImageObject\",\"inLanguage\":\"en-US\",\"@id\":\"https:\\\/\\\/www.ingerop.fr\\\/en\\\/#\\\/schema\\\/logo\\\/image\\\/\",\"url\":\"https:\\\/\\\/www.ingerop.fr\\\/wp-content\\\/uploads\\\/2023\\\/07\\\/logo.jpg\",\"contentUrl\":\"https:\\\/\\\/www.ingerop.fr\\\/wp-content\\\/uploads\\\/2023\\\/07\\\/logo.jpg\",\"width\":522,\"height\":151,\"caption\":\"Ing\u00e9rop\"},\"image\":{\"@id\":\"https:\\\/\\\/www.ingerop.fr\\\/en\\\/#\\\/schema\\\/logo\\\/image\\\/\"},\"sameAs\":[\"https:\\\/\\\/www.linkedin.com\\\/company\\\/ingerop\\\/\"]}]}<\/script>\n<!-- \/ Yoast SEO Premium plugin. -->","yoast_head_json":{"title":"Why Ingerop? 7 good reasons - Ing\u00e9rop","description":"T\u00e9l\u00e9travail, QVT, formation, innovation interne, processus d'onboarding, CET, BSI : d\u00e9couvrez 7 bonnes raisons de choisir Ingerop.","robots":{"index":"index","follow":"follow","max-snippet":"max-snippet:-1","max-image-preview":"max-image-preview:large","max-video-preview":"max-video-preview:-1"},"canonical":"https:\/\/www.ingerop.fr\/en\/ingerop-and-you\/why-ingerop-7-good-reasons\/","og_locale":"en_US","og_type":"article","og_title":"Why Ingerop? 7 good reasons","og_description":"T\u00e9l\u00e9travail, QVT, formation, innovation interne, processus d'onboarding, CET, BSI : d\u00e9couvrez 7 bonnes raisons de choisir Ingerop.","og_url":"https:\/\/www.ingerop.fr\/en\/ingerop-and-you\/why-ingerop-7-good-reasons\/","og_site_name":"Ing\u00e9rop","article_modified_time":"2025-08-14T13:06:57+00:00","twitter_card":"summary_large_image","schema":{"@context":"https:\/\/schema.org","@graph":[{"@type":"WebPage","@id":"https:\/\/www.ingerop.fr\/en\/ingerop-and-you\/why-ingerop-7-good-reasons\/","url":"https:\/\/www.ingerop.fr\/en\/ingerop-and-you\/why-ingerop-7-good-reasons\/","name":"Why Ingerop? 7 good reasons - Ing\u00e9rop","isPartOf":{"@id":"https:\/\/www.ingerop.fr\/en\/#website"},"datePublished":"2022-10-12T14:30:07+00:00","dateModified":"2025-08-14T13:06:57+00:00","description":"T\u00e9l\u00e9travail, QVT, formation, innovation interne, processus d'onboarding, CET, BSI : d\u00e9couvrez 7 bonnes raisons de choisir Ingerop.","breadcrumb":{"@id":"https:\/\/www.ingerop.fr\/en\/ingerop-and-you\/why-ingerop-7-good-reasons\/#breadcrumb"},"inLanguage":"en-US","potentialAction":[{"@type":"ReadAction","target":["https:\/\/www.ingerop.fr\/en\/ingerop-and-you\/why-ingerop-7-good-reasons\/"]}]},{"@type":"BreadcrumbList","@id":"https:\/\/www.ingerop.fr\/en\/ingerop-and-you\/why-ingerop-7-good-reasons\/#breadcrumb","itemListElement":[{"@type":"ListItem","position":1,"name":"Home","item":"https:\/\/www.ingerop.fr\/en\/"},{"@type":"ListItem","position":2,"name":"Ingerop and you","item":"https:\/\/www.ingerop.fr\/en\/ingerop-and-you\/"},{"@type":"ListItem","position":3,"name":"Why Ingerop? 7 good reasons"}]},{"@type":"WebSite","@id":"https:\/\/www.ingerop.fr\/en\/#website","url":"https:\/\/www.ingerop.fr\/en\/","name":"Ing\u00e9rop","description":"Inventons demain","publisher":{"@id":"https:\/\/www.ingerop.fr\/en\/#organization"},"potentialAction":[{"@type":"SearchAction","target":{"@type":"EntryPoint","urlTemplate":"https:\/\/www.ingerop.fr\/en\/?s={search_term_string}"},"query-input":{"@type":"PropertyValueSpecification","valueRequired":true,"valueName":"search_term_string"}}],"inLanguage":"en-US"},{"@type":"Organization","@id":"https:\/\/www.ingerop.fr\/en\/#organization","name":"Ing\u00e9rop","url":"https:\/\/www.ingerop.fr\/en\/","logo":{"@type":"ImageObject","inLanguage":"en-US","@id":"https:\/\/www.ingerop.fr\/en\/#\/schema\/logo\/image\/","url":"https:\/\/www.ingerop.fr\/wp-content\/uploads\/2023\/07\/logo.jpg","contentUrl":"https:\/\/www.ingerop.fr\/wp-content\/uploads\/2023\/07\/logo.jpg","width":522,"height":151,"caption":"Ing\u00e9rop"},"image":{"@id":"https:\/\/www.ingerop.fr\/en\/#\/schema\/logo\/image\/"},"sameAs":["https:\/\/www.linkedin.com\/company\/ingerop\/"]}]}},"_links":{"self":[{"href":"https:\/\/www.ingerop.fr\/en\/wp-json\/wp\/v2\/pages\/5049","targetHints":{"allow":["GET"]}}],"collection":[{"href":"https:\/\/www.ingerop.fr\/en\/wp-json\/wp\/v2\/pages"}],"about":[{"href":"https:\/\/www.ingerop.fr\/en\/wp-json\/wp\/v2\/types\/page"}],"author":[{"embeddable":true,"href":"https:\/\/www.ingerop.fr\/en\/wp-json\/wp\/v2\/users\/1"}],"replies":[{"embeddable":true,"href":"https:\/\/www.ingerop.fr\/en\/wp-json\/wp\/v2\/comments?post=5049"}],"version-history":[{"count":0,"href":"https:\/\/www.ingerop.fr\/en\/wp-json\/wp\/v2\/pages\/5049\/revisions"}],"up":[{"embeddable":true,"href":"https:\/\/www.ingerop.fr\/en\/wp-json\/wp\/v2\/pages\/5013"}],"wp:attachment":[{"href":"https:\/\/www.ingerop.fr\/en\/wp-json\/wp\/v2\/media?parent=5049"}],"curies":[{"name":"wp","href":"https:\/\/api.w.org\/{rel}","templated":true}]}}