{"id":5047,"date":"2022-10-12T16:31:08","date_gmt":"2022-10-12T14:31:08","guid":{"rendered":"https:\/\/www.ingerop.fr\/ingerop-et-vous\/egalite-professionnelle\/"},"modified":"2026-03-03T10:53:36","modified_gmt":"2026-03-03T09:53:36","slug":"gender-equality-at-work","status":"publish","type":"page","link":"https:\/\/www.ingerop.fr\/en\/ingerop-and-you\/gender-equality-at-work\/","title":{"rendered":"Gender equality at work"},"content":{"rendered":"<section class=\"h-screen flex flex-col items-center justify-around relative mb-46 group\" id=\"\">\n    <img decoding=\"async\" width=\"1920\" height=\"1152\" src=\"https:\/\/www.ingerop.fr\/wp-content\/uploads\/2022\/10\/Viaduc_L18\u252c\u00aeSGP-Explorations-architecture-Ida.jpg\" class=\"w-full h-full object-cover absolute\" alt=\"\" srcset=\"https:\/\/www.ingerop.fr\/wp-content\/uploads\/2022\/10\/Viaduc_L18\u252c\u00aeSGP-Explorations-architecture-Ida.jpg 1920w, https:\/\/www.ingerop.fr\/wp-content\/uploads\/2022\/10\/Viaduc_L18\u252c\u00aeSGP-Explorations-architecture-Ida-300x180.jpg 300w, https:\/\/www.ingerop.fr\/wp-content\/uploads\/2022\/10\/Viaduc_L18\u252c\u00aeSGP-Explorations-architecture-Ida-1024x614.jpg 1024w, https:\/\/www.ingerop.fr\/wp-content\/uploads\/2022\/10\/Viaduc_L18\u252c\u00aeSGP-Explorations-architecture-Ida-768x461.jpg 768w, https:\/\/www.ingerop.fr\/wp-content\/uploads\/2022\/10\/Viaduc_L18\u252c\u00aeSGP-Explorations-architecture-Ida-1536x922.jpg 1536w\" sizes=\"(max-width: 1920px) 100vw, 1920px\" \/>    <div class=\"absolute inset-0 bg-bluedark\/30\"><\/div>\n    <div class=\"max-w-[1240px] mx-auto relative text-center px-20  text-white\">\n        <h1 class=\"mb-40 xl:leading-[100px] uppercase\">Equality &#038; Diversity<\/h1>\n        <div class=\"text-lg font-bold max-w-[640px] mx-auto\">Ingerop aims to foster career progression for all our team members by ensuring that everyone benefits from the same opportunities.<\/div>\n    <\/div>\n    <div class=\"absolute bottom-32 left-1\/2 -translate-x-1\/2 xl:mb-84\">\n        <a class=\"w-16 text-white block cursor-pointer\" x-data x-on:click=\"document.getElementById('next-section').scrollIntoView();\">\n            <svg height=\"69.107\" viewBox=\"0 0 23 69.107\" width=\"23\" xmlns=\"http:\/\/www.w3.org\/2000\/svg\"><path d=\"m10.3 0v63.931l-8.3-8.304-2 2 11.519 11.48 11.481-11.48-2-2-8.3 8.3v-63.927z\" fill=\"currentColor\"\/><\/svg>\n        <\/a>\n    <\/div>\n<\/section>\n<a id=\"next-section\"><\/a>\n\n\n<div class=\"px-22\">\n    <div class=\"max-w-[1240px] text-[24px] leading-[30px] my-32 leading-[24px] mx-auto md:py-16 md:py-46 gap-32 lg:flex\" id=\"\">\n        <div class=\"flex-1 prose\">\n            <p>As a signatory to Syntec Ing\u00e9nierie\u2019s Engineering Charter for Gender Equality, Ingerop has made a daily commitment to increase the number of women on its teams in a traditionally male-dominated industry, and to ensure effective equal opportunities for all.<\/p>\n        <\/div>\n                    <\/div>\n<\/div>\n\n\n<div class=\"py-32 lg:py-40\" id=\"\">\n    <div class=\"container \">\n        <div class=\"max-w-[1240px] mx-auto border-y border-y-gray-600 py-32 lg:py-60\">\n            <div class=\"grid md:grid-cols-12 gap-20\">\n                <div class=\"md:col-span-8\">\n                    \u201cWe have long been convinced that gender equality is a key factor in our Group\u2019s successful performance.\u201d                <\/div>\n                <div class=\"md:col-span-4 w-full flex space-x-22\">\n                    <img decoding=\"async\" width=\"150\" height=\"150\" src=\"https:\/\/www.ingerop.fr\/wp-content\/uploads\/2022\/11\/Yves-Metz-cravate-Septembre-2021-e1742400400653-150x150.jpg\" class=\"rounded-full w-60 h-60 md:w-113 md:h-113 self-start\" alt=\"\" srcset=\"https:\/\/www.ingerop.fr\/wp-content\/uploads\/2022\/11\/Yves-Metz-cravate-Septembre-2021-e1742400400653-150x150.jpg 150w, https:\/\/www.ingerop.fr\/wp-content\/uploads\/2022\/11\/Yves-Metz-cravate-Septembre-2021-e1742400400653-300x300.jpg 300w, https:\/\/www.ingerop.fr\/wp-content\/uploads\/2022\/11\/Yves-Metz-cravate-Septembre-2021-e1742400400653-400x400.jpg 400w, https:\/\/www.ingerop.fr\/wp-content\/uploads\/2022\/11\/Yves-Metz-cravate-Septembre-2021-e1742400400653-600x600.jpg 600w\" sizes=\"(max-width: 150px) 100vw, 150px\" \/>                    <div>\n                        <strong class=\"block font-bold mb-2 text-[18px]\">Yves Metz<\/strong>\n                        President, Ingerop Group                                            <\/div>\n                <\/div>\n            <\/div>\n        <\/div>\n    <\/div>\n\n<\/div>\n\n\n<div class=\"px-22\">\n    <div class=\"max-w-[1240px] text-[18px] leading-[24px] mx-auto md:py-16 md:py-46 gap-32 lg:flex\" id=\"\">\n        <div class=\"flex-1 prose\">\n            <h2 class=\"text-xl mb-64 font-bold \" style=\"text-align: left;\"><span style=\"text-align: center; color: #1647ac;\"> Key figures<\/span><\/h2>\n<p>This year, Ingerop scored 89 out of 100 points in the Gender Equality Index required under French law. The Index focuses on gender pay gaps and is calculated on the basis of five indicators covering the previous year (2025).<\/p>\n<table width=\"600\">\n<tbody>\n<tr>\n<td><strong>Pay gap<\/strong> (out of 40 points)<\/td>\n<td>39<\/td>\n<\/tr>\n<tr>\n<td><strong>Gap in individual pay raises<\/strong> (out of 20 points)<\/td>\n<td>20<\/td>\n<\/tr>\n<tr>\n<td><strong>Gap in career promotions<\/strong> (out of 15 points)<\/td>\n<td>15<\/td>\n<\/tr>\n<tr>\n<td><strong>Percentage of employees receiving a pay raise on return from maternity leave<\/strong> (out of 15 points)<\/td>\n<td>15<\/td>\n<\/tr>\n<tr>\n<td><strong>No. of women in the company\u2019s top earners<\/strong> (out of 10 points)<\/td>\n<td>0<\/td>\n<\/tr>\n<tr>\n<td>&nbsp;<\/p>\n<p><strong><span style=\"color: #1647ac;\">Total out of 100<\/span><\/strong><\/td>\n<td><strong><span style=\"color: #1647ac;\">89<\/span><\/strong><\/td>\n<\/tr>\n<\/tbody>\n<\/table>\n<p>&nbsp;<\/p>\n        <\/div>\n                    <\/div>\n<\/div>\n\n\n<section class=\"py-32 lg:py-40 relative group\" id=\"\">\n    <div class=\"absolute inset-0 \">\n        <div class=\"w-full h-full object-cover group\"><img decoding=\"async\" width=\"2061\" height=\"468\" src=\"https:\/\/www.ingerop.fr\/wp-content\/uploads\/2022\/12\/Silvia-Martlbauer-635bf4d32c59d286513000-copie-e1678714133782.jpg\" class=\"w-full h-full object-cover\" alt=\"\u00a9Silvia Martlbauer\" srcset=\"https:\/\/www.ingerop.fr\/wp-content\/uploads\/2022\/12\/Silvia-Martlbauer-635bf4d32c59d286513000-copie-e1678714133782.jpg 2061w, https:\/\/www.ingerop.fr\/wp-content\/uploads\/2022\/12\/Silvia-Martlbauer-635bf4d32c59d286513000-copie-e1678714133782-300x68.jpg 300w, https:\/\/www.ingerop.fr\/wp-content\/uploads\/2022\/12\/Silvia-Martlbauer-635bf4d32c59d286513000-copie-e1678714133782-1024x233.jpg 1024w, https:\/\/www.ingerop.fr\/wp-content\/uploads\/2022\/12\/Silvia-Martlbauer-635bf4d32c59d286513000-copie-e1678714133782-768x174.jpg 768w, https:\/\/www.ingerop.fr\/wp-content\/uploads\/2022\/12\/Silvia-Martlbauer-635bf4d32c59d286513000-copie-e1678714133782-1536x349.jpg 1536w, https:\/\/www.ingerop.fr\/wp-content\/uploads\/2022\/12\/Silvia-Martlbauer-635bf4d32c59d286513000-copie-e1678714133782-2048x465.jpg 2048w\" sizes=\"(max-width: 2061px) 100vw, 2061px\" \/><div class=\"absolute bottom-5 right-5 md:bottom-32 z-20 md:right-32 bg-[#000]\/50 text-white opacity-0 transition-opacity group-hover:opacity-100 text-xs px-6 py-2\">\u00a9Silvia Martlbauer<\/div><\/div>    <\/div>\n    <div class=\"inset-0 absolute bg-bluedark\/30\"><\/div>\n    <div class=\"container relative px-20 my-96 lg:mt-180 lg:mb-114\">\n        <div class=\"text-lg md:text-xl font-bold mb-32 text-white max-w-[460px]\"><\/div>\n            <\/div>\n<\/section>\n\n\n<div class=\"px-22\">\n    <div class=\"max-w-[1240px] text-[18px] leading-[24px] mx-auto md:py-16 md:py-46 gap-32 lg:flex\" id=\"\">\n        <div class=\"flex-1 prose\">\n            <p>When it comes to women in Group leadership roles, these are the key figures:<\/p>\n<ul>\n<li>the gender split in Ingerop\u2019s management teams is 8% women to 92% men;<\/li>\n<li>of our senior executives, 10% are women and 90% are men;<\/li>\n<li>the Board of Directors is made up of 50% men and 50% women.<\/li>\n<\/ul>\n<p>In order to keep increasing the proportion of women in senior management roles, Ingerop has set an ambitious target of making all executive teams 35% female at all operational levels.<\/p>\n<p>As a signatory to Syntec Ing\u00e9nierie\u2019s Engineering Charter for Gender Equality, Ingerop has made a day-to-day commitment to increasing the number of women on its teams in a historically male-dominated industry and to ensuring effective equal opportunities.<\/p>\n<h2>An ambitious plan for Group gender equality<\/h2>\n<p>Gender diversity and workplace equality are major factors driving Group success and attracting new talent to our teams, so we have implemented several flagship initiatives including:<\/p>\n<ul>\n<li>creating a &#8220;<strong>Women in Leadership<\/strong>&#8221; training course;<\/li>\n<li>broadening the scope of our performance reviews to<strong> identify female staff with management potential<\/strong> and support their long term career growth;<\/li>\n<li>distributing <strong>resources on gender stereotypes<\/strong>;<\/li>\n<li>introducing a <strong>compulsory micro-learning module on everyday sexism<\/strong>;<\/li>\n<li>office poster campaigns.<\/li>\n<\/ul>\n<p>In order to promote a healthy work-life balance, we have expanded our business travel policy to include provision for additional childcare costs. Our flexible work policy offers expanded remote working arrangements for parents with sick children under the age of 12 and new mothers returning from maternity leave. We have also set up a Part Time Work Observatory to identify how it could be developed, including in high level roles.<\/p>\n<h2>A better understanding of disability in the workplace<\/h2>\n<p>Ingerop&#8217;s new Disability Accord formed in 2024 demonstrated to us that previous initiatives had borne fruit. To continue efforts to combat disability discrimination, we regularly circulate <strong>several guides to disability in the workplace<\/strong> which raise awareness of <strong>Reconnaissance de la Qualit\u00e9 de Travailleur Handicap\u00e9<\/strong> (RQTH) status and how to request reasonable adjustments. Our HR teams are trained to set up support services for RQTH applications. Finally Ingerop <strong>fully funds CESU<\/strong> vouchers, which can be used to pay for home assistance services.<\/p>\n<p>&nbsp;<\/p>\n        <\/div>\n                    <\/div>\n<\/div>\n","protected":false},"excerpt":{"rendered":"","protected":false},"author":1,"featured_media":0,"parent":5013,"menu_order":6,"comment_status":"closed","ping_status":"closed","template":"","meta":{"_acf_changed":false,"inline_featured_image":false,"footnotes":""},"class_list":["post-5047","page","type-page","status-publish","hentry"],"acf":[],"yoast_head":"<!-- This site is optimized with the Yoast SEO Premium plugin v27.4 (Yoast SEO v27.4) - https:\/\/yoast.com\/product\/yoast-seo-premium-wordpress\/ -->\n<title>Gender equality at work - Ing\u00e9rop<\/title>\n<meta name=\"description\" content=\"Ingerop s&#039;engage au quotidien pour f\u00e9miniser les \u00e9quipes, veiller au taux de mixit\u00e9 et assurer une \u00e9galit\u00e9 des chances.\" \/>\n<meta name=\"robots\" content=\"index, follow, max-snippet:-1, max-image-preview:large, max-video-preview:-1\" \/>\n<link rel=\"canonical\" href=\"https:\/\/www.ingerop.fr\/en\/ingerop-and-you\/gender-equality-at-work\/\" \/>\n<meta property=\"og:locale\" content=\"en_US\" \/>\n<meta property=\"og:type\" content=\"article\" \/>\n<meta property=\"og:title\" content=\"Gender equality at work\" \/>\n<meta property=\"og:description\" content=\"Ingerop s&#039;engage au quotidien pour f\u00e9miniser les \u00e9quipes, veiller au taux de mixit\u00e9 et assurer une \u00e9galit\u00e9 des chances.\" \/>\n<meta property=\"og:url\" content=\"https:\/\/www.ingerop.fr\/en\/ingerop-and-you\/gender-equality-at-work\/\" \/>\n<meta property=\"og:site_name\" content=\"Ing\u00e9rop\" \/>\n<meta property=\"article:modified_time\" content=\"2026-03-03T09:53:36+00:00\" \/>\n<meta name=\"twitter:card\" content=\"summary_large_image\" \/>\n<script type=\"application\/ld+json\" class=\"yoast-schema-graph\">{\"@context\":\"https:\\\/\\\/schema.org\",\"@graph\":[{\"@type\":\"WebPage\",\"@id\":\"https:\\\/\\\/www.ingerop.fr\\\/en\\\/ingerop-and-you\\\/gender-equality-at-work\\\/\",\"url\":\"https:\\\/\\\/www.ingerop.fr\\\/en\\\/ingerop-and-you\\\/gender-equality-at-work\\\/\",\"name\":\"Gender equality at work - Ing\u00e9rop\",\"isPartOf\":{\"@id\":\"https:\\\/\\\/www.ingerop.fr\\\/en\\\/#website\"},\"datePublished\":\"2022-10-12T14:31:08+00:00\",\"dateModified\":\"2026-03-03T09:53:36+00:00\",\"description\":\"Ingerop s'engage au quotidien pour f\u00e9miniser les \u00e9quipes, veiller au taux de mixit\u00e9 et assurer une \u00e9galit\u00e9 des chances.\",\"breadcrumb\":{\"@id\":\"https:\\\/\\\/www.ingerop.fr\\\/en\\\/ingerop-and-you\\\/gender-equality-at-work\\\/#breadcrumb\"},\"inLanguage\":\"en-US\",\"potentialAction\":[{\"@type\":\"ReadAction\",\"target\":[\"https:\\\/\\\/www.ingerop.fr\\\/en\\\/ingerop-and-you\\\/gender-equality-at-work\\\/\"]}]},{\"@type\":\"BreadcrumbList\",\"@id\":\"https:\\\/\\\/www.ingerop.fr\\\/en\\\/ingerop-and-you\\\/gender-equality-at-work\\\/#breadcrumb\",\"itemListElement\":[{\"@type\":\"ListItem\",\"position\":1,\"name\":\"Home\",\"item\":\"https:\\\/\\\/www.ingerop.fr\\\/en\\\/\"},{\"@type\":\"ListItem\",\"position\":2,\"name\":\"Ingerop and you\",\"item\":\"https:\\\/\\\/www.ingerop.fr\\\/en\\\/ingerop-and-you\\\/\"},{\"@type\":\"ListItem\",\"position\":3,\"name\":\"Gender equality at work\"}]},{\"@type\":\"WebSite\",\"@id\":\"https:\\\/\\\/www.ingerop.fr\\\/en\\\/#website\",\"url\":\"https:\\\/\\\/www.ingerop.fr\\\/en\\\/\",\"name\":\"Ing\u00e9rop\",\"description\":\"Inventons demain\",\"publisher\":{\"@id\":\"https:\\\/\\\/www.ingerop.fr\\\/en\\\/#organization\"},\"potentialAction\":[{\"@type\":\"SearchAction\",\"target\":{\"@type\":\"EntryPoint\",\"urlTemplate\":\"https:\\\/\\\/www.ingerop.fr\\\/en\\\/?s={search_term_string}\"},\"query-input\":{\"@type\":\"PropertyValueSpecification\",\"valueRequired\":true,\"valueName\":\"search_term_string\"}}],\"inLanguage\":\"en-US\"},{\"@type\":\"Organization\",\"@id\":\"https:\\\/\\\/www.ingerop.fr\\\/en\\\/#organization\",\"name\":\"Ing\u00e9rop\",\"url\":\"https:\\\/\\\/www.ingerop.fr\\\/en\\\/\",\"logo\":{\"@type\":\"ImageObject\",\"inLanguage\":\"en-US\",\"@id\":\"https:\\\/\\\/www.ingerop.fr\\\/en\\\/#\\\/schema\\\/logo\\\/image\\\/\",\"url\":\"https:\\\/\\\/www.ingerop.fr\\\/wp-content\\\/uploads\\\/2023\\\/07\\\/logo.jpg\",\"contentUrl\":\"https:\\\/\\\/www.ingerop.fr\\\/wp-content\\\/uploads\\\/2023\\\/07\\\/logo.jpg\",\"width\":522,\"height\":151,\"caption\":\"Ing\u00e9rop\"},\"image\":{\"@id\":\"https:\\\/\\\/www.ingerop.fr\\\/en\\\/#\\\/schema\\\/logo\\\/image\\\/\"},\"sameAs\":[\"https:\\\/\\\/www.linkedin.com\\\/company\\\/ingerop\\\/\"]}]}<\/script>\n<!-- \/ Yoast SEO Premium plugin. -->","yoast_head_json":{"title":"Gender equality at work - Ing\u00e9rop","description":"Ingerop s'engage au quotidien pour f\u00e9miniser les \u00e9quipes, veiller au taux de mixit\u00e9 et assurer une \u00e9galit\u00e9 des chances.","robots":{"index":"index","follow":"follow","max-snippet":"max-snippet:-1","max-image-preview":"max-image-preview:large","max-video-preview":"max-video-preview:-1"},"canonical":"https:\/\/www.ingerop.fr\/en\/ingerop-and-you\/gender-equality-at-work\/","og_locale":"en_US","og_type":"article","og_title":"Gender equality at work","og_description":"Ingerop s'engage au quotidien pour f\u00e9miniser les \u00e9quipes, veiller au taux de mixit\u00e9 et assurer une \u00e9galit\u00e9 des chances.","og_url":"https:\/\/www.ingerop.fr\/en\/ingerop-and-you\/gender-equality-at-work\/","og_site_name":"Ing\u00e9rop","article_modified_time":"2026-03-03T09:53:36+00:00","twitter_card":"summary_large_image","schema":{"@context":"https:\/\/schema.org","@graph":[{"@type":"WebPage","@id":"https:\/\/www.ingerop.fr\/en\/ingerop-and-you\/gender-equality-at-work\/","url":"https:\/\/www.ingerop.fr\/en\/ingerop-and-you\/gender-equality-at-work\/","name":"Gender equality at work - Ing\u00e9rop","isPartOf":{"@id":"https:\/\/www.ingerop.fr\/en\/#website"},"datePublished":"2022-10-12T14:31:08+00:00","dateModified":"2026-03-03T09:53:36+00:00","description":"Ingerop s'engage au quotidien pour f\u00e9miniser les \u00e9quipes, veiller au taux de mixit\u00e9 et assurer une \u00e9galit\u00e9 des chances.","breadcrumb":{"@id":"https:\/\/www.ingerop.fr\/en\/ingerop-and-you\/gender-equality-at-work\/#breadcrumb"},"inLanguage":"en-US","potentialAction":[{"@type":"ReadAction","target":["https:\/\/www.ingerop.fr\/en\/ingerop-and-you\/gender-equality-at-work\/"]}]},{"@type":"BreadcrumbList","@id":"https:\/\/www.ingerop.fr\/en\/ingerop-and-you\/gender-equality-at-work\/#breadcrumb","itemListElement":[{"@type":"ListItem","position":1,"name":"Home","item":"https:\/\/www.ingerop.fr\/en\/"},{"@type":"ListItem","position":2,"name":"Ingerop and you","item":"https:\/\/www.ingerop.fr\/en\/ingerop-and-you\/"},{"@type":"ListItem","position":3,"name":"Gender equality at work"}]},{"@type":"WebSite","@id":"https:\/\/www.ingerop.fr\/en\/#website","url":"https:\/\/www.ingerop.fr\/en\/","name":"Ing\u00e9rop","description":"Inventons demain","publisher":{"@id":"https:\/\/www.ingerop.fr\/en\/#organization"},"potentialAction":[{"@type":"SearchAction","target":{"@type":"EntryPoint","urlTemplate":"https:\/\/www.ingerop.fr\/en\/?s={search_term_string}"},"query-input":{"@type":"PropertyValueSpecification","valueRequired":true,"valueName":"search_term_string"}}],"inLanguage":"en-US"},{"@type":"Organization","@id":"https:\/\/www.ingerop.fr\/en\/#organization","name":"Ing\u00e9rop","url":"https:\/\/www.ingerop.fr\/en\/","logo":{"@type":"ImageObject","inLanguage":"en-US","@id":"https:\/\/www.ingerop.fr\/en\/#\/schema\/logo\/image\/","url":"https:\/\/www.ingerop.fr\/wp-content\/uploads\/2023\/07\/logo.jpg","contentUrl":"https:\/\/www.ingerop.fr\/wp-content\/uploads\/2023\/07\/logo.jpg","width":522,"height":151,"caption":"Ing\u00e9rop"},"image":{"@id":"https:\/\/www.ingerop.fr\/en\/#\/schema\/logo\/image\/"},"sameAs":["https:\/\/www.linkedin.com\/company\/ingerop\/"]}]}},"_links":{"self":[{"href":"https:\/\/www.ingerop.fr\/en\/wp-json\/wp\/v2\/pages\/5047","targetHints":{"allow":["GET"]}}],"collection":[{"href":"https:\/\/www.ingerop.fr\/en\/wp-json\/wp\/v2\/pages"}],"about":[{"href":"https:\/\/www.ingerop.fr\/en\/wp-json\/wp\/v2\/types\/page"}],"author":[{"embeddable":true,"href":"https:\/\/www.ingerop.fr\/en\/wp-json\/wp\/v2\/users\/1"}],"replies":[{"embeddable":true,"href":"https:\/\/www.ingerop.fr\/en\/wp-json\/wp\/v2\/comments?post=5047"}],"version-history":[{"count":0,"href":"https:\/\/www.ingerop.fr\/en\/wp-json\/wp\/v2\/pages\/5047\/revisions"}],"up":[{"embeddable":true,"href":"https:\/\/www.ingerop.fr\/en\/wp-json\/wp\/v2\/pages\/5013"}],"wp:attachment":[{"href":"https:\/\/www.ingerop.fr\/en\/wp-json\/wp\/v2\/media?parent=5047"}],"curies":[{"name":"wp","href":"https:\/\/api.w.org\/{rel}","templated":true}]}}