{"id":5041,"date":"2022-10-12T16:44:42","date_gmt":"2022-10-12T14:44:42","guid":{"rendered":"https:\/\/www.ingerop.fr\/notre-offre\/nos-filiales-en-france\/avls\/"},"modified":"2023-08-22T11:21:14","modified_gmt":"2023-08-22T09:21:14","slug":"avls","status":"publish","type":"page","link":"https:\/\/www.ingerop.fr\/en\/our-range-of-services\/our-subsidiary-in-france\/avls\/","title":{"rendered":"AVLS"},"content":{"rendered":"<div class=\"px-22\">\n    <div class=\"max-w-[1240px] text-[18px] leading-[24px] mx-auto md:py-16 md:py-46 gap-32 lg:flex\" id=\"\">\n        <div class=\"flex-1 prose\">\n            <p>The company provides engineering services in the fields of vibration and noise. Their reputation is firmly established in the fields of public works and structural dynamics. Two centres specialising in vibration and acoustics work together regularly to meet all the acoustic and vibration challenges of the sectors concerned.<\/p>\n<p>&nbsp;<\/p>\n<p style=\"text-align: center;\"><a class=\"btn-outline\" href=\"https:\/\/www.avls-fr.com\/\" target=\"_blank\" rel=\"noopener\">D\u00e9couvrir AVLS<\/a><\/p>\n        <\/div>\n                    <\/div>\n<\/div>\n","protected":false},"excerpt":{"rendered":"<p>La soci\u00e9t\u00e9 assure des missions d&#8217;ing\u00e9nierie dans le domaine des vibrations et du bruit. Leur r\u00e9putation est solidement \u00e9tablie dans les domaines du BTP et de la dynamique des structures. Deux p\u00f4les sp\u00e9cialis\u00e9s en vibrations et en acoustique collaborent r\u00e9guli\u00e8rement pour r\u00e9pondre \u00e0 tous les enjeux acoustiques et vibratoires des secteurs concern\u00e9s.<\/p>\n","protected":false},"author":1,"featured_media":5042,"parent":5015,"menu_order":3,"comment_status":"closed","ping_status":"closed","template":"","meta":{"_acf_changed":false,"inline_featured_image":false,"footnotes":""},"class_list":["post-5041","page","type-page","status-publish","has-post-thumbnail","hentry"],"acf":[],"yoast_head":"<!-- This site is optimized with the Yoast SEO Premium plugin v27.4 (Yoast SEO v27.5) - https:\/\/yoast.com\/product\/yoast-seo-premium-wordpress\/ -->\n<title>AVLS - Ing\u00e9rop<\/title>\n<meta name=\"robots\" content=\"index, follow, max-snippet:-1, max-image-preview:large, max-video-preview:-1\" \/>\n<link rel=\"canonical\" href=\"https:\/\/www.ingerop.fr\/en\/our-range-of-services\/our-subsidiary-in-france\/avls\/\" \/>\n<meta property=\"og:locale\" content=\"en_US\" \/>\n<meta property=\"og:type\" content=\"article\" \/>\n<meta property=\"og:title\" content=\"AVLS\" \/>\n<meta property=\"og:description\" content=\"La soci\u00e9t\u00e9 assure des missions d&#039;ing\u00e9nierie dans le domaine des vibrations et du bruit. Leur r\u00e9putation est solidement \u00e9tablie dans les domaines du BTP et de la dynamique des structures. Deux p\u00f4les sp\u00e9cialis\u00e9s en vibrations et en acoustique collaborent r\u00e9guli\u00e8rement pour r\u00e9pondre \u00e0 tous les enjeux acoustiques et vibratoires des secteurs concern\u00e9s.\" \/>\n<meta property=\"og:url\" content=\"https:\/\/www.ingerop.fr\/en\/our-range-of-services\/our-subsidiary-in-france\/avls\/\" \/>\n<meta property=\"og:site_name\" content=\"Ing\u00e9rop\" \/>\n<meta property=\"article:modified_time\" content=\"2023-08-22T09:21:14+00:00\" \/>\n<meta property=\"og:image\" content=\"https:\/\/www.ingerop.fr\/wp-content\/uploads\/2023\/02\/AVLS-Roland-Garros.jpg\" \/>\n\t<meta property=\"og:image:width\" content=\"1280\" \/>\n\t<meta property=\"og:image:height\" content=\"500\" \/>\n\t<meta property=\"og:image:type\" content=\"image\/jpeg\" \/>\n<meta name=\"twitter:card\" content=\"summary_large_image\" \/>\n<script type=\"application\/ld+json\" class=\"yoast-schema-graph\">{\"@context\":\"https:\\\/\\\/schema.org\",\"@graph\":[{\"@type\":\"WebPage\",\"@id\":\"https:\\\/\\\/www.ingerop.fr\\\/en\\\/our-range-of-services\\\/our-subsidiary-in-france\\\/avls\\\/\",\"url\":\"https:\\\/\\\/www.ingerop.fr\\\/en\\\/our-range-of-services\\\/our-subsidiary-in-france\\\/avls\\\/\",\"name\":\"AVLS - Ing\u00e9rop\",\"isPartOf\":{\"@id\":\"https:\\\/\\\/www.ingerop.fr\\\/en\\\/#website\"},\"primaryImageOfPage\":{\"@id\":\"https:\\\/\\\/www.ingerop.fr\\\/en\\\/our-range-of-services\\\/our-subsidiary-in-france\\\/avls\\\/#primaryimage\"},\"image\":{\"@id\":\"https:\\\/\\\/www.ingerop.fr\\\/en\\\/our-range-of-services\\\/our-subsidiary-in-france\\\/avls\\\/#primaryimage\"},\"thumbnailUrl\":\"https:\\\/\\\/www.ingerop.fr\\\/wp-content\\\/uploads\\\/2023\\\/02\\\/AVLS-Roland-Garros.jpg\",\"datePublished\":\"2022-10-12T14:44:42+00:00\",\"dateModified\":\"2023-08-22T09:21:14+00:00\",\"breadcrumb\":{\"@id\":\"https:\\\/\\\/www.ingerop.fr\\\/en\\\/our-range-of-services\\\/our-subsidiary-in-france\\\/avls\\\/#breadcrumb\"},\"inLanguage\":\"en-US\",\"potentialAction\":[{\"@type\":\"ReadAction\",\"target\":[\"https:\\\/\\\/www.ingerop.fr\\\/en\\\/our-range-of-services\\\/our-subsidiary-in-france\\\/avls\\\/\"]}]},{\"@type\":\"ImageObject\",\"inLanguage\":\"en-US\",\"@id\":\"https:\\\/\\\/www.ingerop.fr\\\/en\\\/our-range-of-services\\\/our-subsidiary-in-france\\\/avls\\\/#primaryimage\",\"url\":\"https:\\\/\\\/www.ingerop.fr\\\/wp-content\\\/uploads\\\/2023\\\/02\\\/AVLS-Roland-Garros.jpg\",\"contentUrl\":\"https:\\\/\\\/www.ingerop.fr\\\/wp-content\\\/uploads\\\/2023\\\/02\\\/AVLS-Roland-Garros.jpg\",\"width\":1280,\"height\":500},{\"@type\":\"BreadcrumbList\",\"@id\":\"https:\\\/\\\/www.ingerop.fr\\\/en\\\/our-range-of-services\\\/our-subsidiary-in-france\\\/avls\\\/#breadcrumb\",\"itemListElement\":[{\"@type\":\"ListItem\",\"position\":1,\"name\":\"Home\",\"item\":\"https:\\\/\\\/www.ingerop.fr\\\/en\\\/\"},{\"@type\":\"ListItem\",\"position\":2,\"name\":\"Our Range of Services\",\"item\":\"https:\\\/\\\/www.ingerop.fr\\\/en\\\/our-range-of-services\\\/\"},{\"@type\":\"ListItem\",\"position\":3,\"name\":\"Our subsidiaries in France\",\"item\":\"https:\\\/\\\/www.ingerop.fr\\\/en\\\/our-range-of-services\\\/our-subsidiary-in-france\\\/\"},{\"@type\":\"ListItem\",\"position\":4,\"name\":\"AVLS\"}]},{\"@type\":\"WebSite\",\"@id\":\"https:\\\/\\\/www.ingerop.fr\\\/en\\\/#website\",\"url\":\"https:\\\/\\\/www.ingerop.fr\\\/en\\\/\",\"name\":\"Ing\u00e9rop\",\"description\":\"Inventons demain\",\"publisher\":{\"@id\":\"https:\\\/\\\/www.ingerop.fr\\\/en\\\/#organization\"},\"potentialAction\":[{\"@type\":\"SearchAction\",\"target\":{\"@type\":\"EntryPoint\",\"urlTemplate\":\"https:\\\/\\\/www.ingerop.fr\\\/en\\\/?s={search_term_string}\"},\"query-input\":{\"@type\":\"PropertyValueSpecification\",\"valueRequired\":true,\"valueName\":\"search_term_string\"}}],\"inLanguage\":\"en-US\"},{\"@type\":\"Organization\",\"@id\":\"https:\\\/\\\/www.ingerop.fr\\\/en\\\/#organization\",\"name\":\"Ing\u00e9rop\",\"url\":\"https:\\\/\\\/www.ingerop.fr\\\/en\\\/\",\"logo\":{\"@type\":\"ImageObject\",\"inLanguage\":\"en-US\",\"@id\":\"https:\\\/\\\/www.ingerop.fr\\\/en\\\/#\\\/schema\\\/logo\\\/image\\\/\",\"url\":\"https:\\\/\\\/www.ingerop.fr\\\/wp-content\\\/uploads\\\/2023\\\/07\\\/logo.jpg\",\"contentUrl\":\"https:\\\/\\\/www.ingerop.fr\\\/wp-content\\\/uploads\\\/2023\\\/07\\\/logo.jpg\",\"width\":522,\"height\":151,\"caption\":\"Ing\u00e9rop\"},\"image\":{\"@id\":\"https:\\\/\\\/www.ingerop.fr\\\/en\\\/#\\\/schema\\\/logo\\\/image\\\/\"},\"sameAs\":[\"https:\\\/\\\/www.linkedin.com\\\/company\\\/ingerop\\\/\"]}]}<\/script>\n<!-- \/ Yoast SEO Premium plugin. -->","yoast_head_json":{"title":"AVLS - Ing\u00e9rop","robots":{"index":"index","follow":"follow","max-snippet":"max-snippet:-1","max-image-preview":"max-image-preview:large","max-video-preview":"max-video-preview:-1"},"canonical":"https:\/\/www.ingerop.fr\/en\/our-range-of-services\/our-subsidiary-in-france\/avls\/","og_locale":"en_US","og_type":"article","og_title":"AVLS","og_description":"La soci\u00e9t\u00e9 assure des missions d'ing\u00e9nierie dans le domaine des vibrations et du bruit. Leur r\u00e9putation est solidement \u00e9tablie dans les domaines du BTP et de la dynamique des structures. Deux p\u00f4les sp\u00e9cialis\u00e9s en vibrations et en acoustique collaborent r\u00e9guli\u00e8rement pour r\u00e9pondre \u00e0 tous les enjeux acoustiques et vibratoires des secteurs concern\u00e9s.","og_url":"https:\/\/www.ingerop.fr\/en\/our-range-of-services\/our-subsidiary-in-france\/avls\/","og_site_name":"Ing\u00e9rop","article_modified_time":"2023-08-22T09:21:14+00:00","og_image":[{"width":1280,"height":500,"url":"https:\/\/www.ingerop.fr\/wp-content\/uploads\/2023\/02\/AVLS-Roland-Garros.jpg","type":"image\/jpeg"}],"twitter_card":"summary_large_image","schema":{"@context":"https:\/\/schema.org","@graph":[{"@type":"WebPage","@id":"https:\/\/www.ingerop.fr\/en\/our-range-of-services\/our-subsidiary-in-france\/avls\/","url":"https:\/\/www.ingerop.fr\/en\/our-range-of-services\/our-subsidiary-in-france\/avls\/","name":"AVLS - Ing\u00e9rop","isPartOf":{"@id":"https:\/\/www.ingerop.fr\/en\/#website"},"primaryImageOfPage":{"@id":"https:\/\/www.ingerop.fr\/en\/our-range-of-services\/our-subsidiary-in-france\/avls\/#primaryimage"},"image":{"@id":"https:\/\/www.ingerop.fr\/en\/our-range-of-services\/our-subsidiary-in-france\/avls\/#primaryimage"},"thumbnailUrl":"https:\/\/www.ingerop.fr\/wp-content\/uploads\/2023\/02\/AVLS-Roland-Garros.jpg","datePublished":"2022-10-12T14:44:42+00:00","dateModified":"2023-08-22T09:21:14+00:00","breadcrumb":{"@id":"https:\/\/www.ingerop.fr\/en\/our-range-of-services\/our-subsidiary-in-france\/avls\/#breadcrumb"},"inLanguage":"en-US","potentialAction":[{"@type":"ReadAction","target":["https:\/\/www.ingerop.fr\/en\/our-range-of-services\/our-subsidiary-in-france\/avls\/"]}]},{"@type":"ImageObject","inLanguage":"en-US","@id":"https:\/\/www.ingerop.fr\/en\/our-range-of-services\/our-subsidiary-in-france\/avls\/#primaryimage","url":"https:\/\/www.ingerop.fr\/wp-content\/uploads\/2023\/02\/AVLS-Roland-Garros.jpg","contentUrl":"https:\/\/www.ingerop.fr\/wp-content\/uploads\/2023\/02\/AVLS-Roland-Garros.jpg","width":1280,"height":500},{"@type":"BreadcrumbList","@id":"https:\/\/www.ingerop.fr\/en\/our-range-of-services\/our-subsidiary-in-france\/avls\/#breadcrumb","itemListElement":[{"@type":"ListItem","position":1,"name":"Home","item":"https:\/\/www.ingerop.fr\/en\/"},{"@type":"ListItem","position":2,"name":"Our Range of Services","item":"https:\/\/www.ingerop.fr\/en\/our-range-of-services\/"},{"@type":"ListItem","position":3,"name":"Our subsidiaries in France","item":"https:\/\/www.ingerop.fr\/en\/our-range-of-services\/our-subsidiary-in-france\/"},{"@type":"ListItem","position":4,"name":"AVLS"}]},{"@type":"WebSite","@id":"https:\/\/www.ingerop.fr\/en\/#website","url":"https:\/\/www.ingerop.fr\/en\/","name":"Ing\u00e9rop","description":"Inventons demain","publisher":{"@id":"https:\/\/www.ingerop.fr\/en\/#organization"},"potentialAction":[{"@type":"SearchAction","target":{"@type":"EntryPoint","urlTemplate":"https:\/\/www.ingerop.fr\/en\/?s={search_term_string}"},"query-input":{"@type":"PropertyValueSpecification","valueRequired":true,"valueName":"search_term_string"}}],"inLanguage":"en-US"},{"@type":"Organization","@id":"https:\/\/www.ingerop.fr\/en\/#organization","name":"Ing\u00e9rop","url":"https:\/\/www.ingerop.fr\/en\/","logo":{"@type":"ImageObject","inLanguage":"en-US","@id":"https:\/\/www.ingerop.fr\/en\/#\/schema\/logo\/image\/","url":"https:\/\/www.ingerop.fr\/wp-content\/uploads\/2023\/07\/logo.jpg","contentUrl":"https:\/\/www.ingerop.fr\/wp-content\/uploads\/2023\/07\/logo.jpg","width":522,"height":151,"caption":"Ing\u00e9rop"},"image":{"@id":"https:\/\/www.ingerop.fr\/en\/#\/schema\/logo\/image\/"},"sameAs":["https:\/\/www.linkedin.com\/company\/ingerop\/"]}]}},"_links":{"self":[{"href":"https:\/\/www.ingerop.fr\/en\/wp-json\/wp\/v2\/pages\/5041","targetHints":{"allow":["GET"]}}],"collection":[{"href":"https:\/\/www.ingerop.fr\/en\/wp-json\/wp\/v2\/pages"}],"about":[{"href":"https:\/\/www.ingerop.fr\/en\/wp-json\/wp\/v2\/types\/page"}],"author":[{"embeddable":true,"href":"https:\/\/www.ingerop.fr\/en\/wp-json\/wp\/v2\/users\/1"}],"replies":[{"embeddable":true,"href":"https:\/\/www.ingerop.fr\/en\/wp-json\/wp\/v2\/comments?post=5041"}],"version-history":[{"count":0,"href":"https:\/\/www.ingerop.fr\/en\/wp-json\/wp\/v2\/pages\/5041\/revisions"}],"up":[{"embeddable":true,"href":"https:\/\/www.ingerop.fr\/en\/wp-json\/wp\/v2\/pages\/5015"}],"wp:featuredmedia":[{"embeddable":true,"href":"https:\/\/www.ingerop.fr\/en\/wp-json\/wp\/v2\/media\/5042"}],"wp:attachment":[{"href":"https:\/\/www.ingerop.fr\/en\/wp-json\/wp\/v2\/media?parent=5041"}],"curies":[{"name":"wp","href":"https:\/\/api.w.org\/{rel}","templated":true}]}}