{"id":5035,"date":"2022-10-12T16:48:00","date_gmt":"2022-10-12T14:48:00","guid":{"rendered":"https:\/\/www.ingerop.fr\/notre-offre\/nos-filiales-en-france\/ingerop-life-sciences\/"},"modified":"2023-08-22T11:25:43","modified_gmt":"2023-08-22T09:25:43","slug":"ingerop-life-sciences","status":"publish","type":"page","link":"https:\/\/www.ingerop.fr\/en\/our-range-of-services\/our-subsidiary-in-france\/ingerop-life-sciences\/","title":{"rendered":"Ingerop Life Sciences"},"content":{"rendered":"<div class=\"px-22\">\n    <div class=\"max-w-[1240px] text-[18px] leading-[24px] mx-auto md:py-16 md:py-46 gap-32 lg:flex\" id=\"\">\n        <div class=\"flex-1 prose\">\n            <p>Ingerop Life Sciences, a consulting subsidiary for the pharmaceutical industry, aims to support its customers in their operational and regulatory thinking, in the design and development of their production tools and in the implementation of their industrial projects.<\/p>\n<p>Ing\u00e9rop Life Sciences positions itself as a strategic ally, able to provide its customers with strategic consulting services.<\/p>\n        <\/div>\n                    <\/div>\n<\/div>\n","protected":false},"excerpt":{"rendered":"<p>Filiale de conseil \u00e0 destination de l\u2019industrie pharmaceutique, Ingerop Life Sciences a pour objectif d\u2019accompagner ses clients dans leurs r\u00e9flexions op\u00e9rationnelles et r\u00e9glementaires, dans la conception et l\u2019\u00e9volution de leurs outils de production ainsi que dans la mise en \u0153uvre de leurs projets industriels.<\/p>\n","protected":false},"author":1,"featured_media":5036,"parent":5015,"menu_order":7,"comment_status":"closed","ping_status":"closed","template":"","meta":{"_acf_changed":false,"inline_featured_image":false,"footnotes":""},"class_list":["post-5035","page","type-page","status-publish","has-post-thumbnail","hentry"],"acf":[],"yoast_head":"<!-- This site is optimized with the Yoast SEO Premium plugin v25.5 (Yoast SEO v27.3) - https:\/\/yoast.com\/product\/yoast-seo-premium-wordpress\/ -->\n<title>Ingerop Life Sciences - Ing\u00e9rop<\/title>\n<meta name=\"robots\" content=\"index, follow, max-snippet:-1, max-image-preview:large, max-video-preview:-1\" \/>\n<link rel=\"canonical\" href=\"https:\/\/www.ingerop.fr\/en\/our-range-of-services\/our-subsidiary-in-france\/ingerop-life-sciences\/\" \/>\n<meta property=\"og:locale\" content=\"en_US\" \/>\n<meta property=\"og:type\" content=\"article\" \/>\n<meta property=\"og:title\" content=\"Ingerop Life Sciences\" \/>\n<meta property=\"og:description\" content=\"Filiale de conseil \u00e0 destination de l\u2019industrie pharmaceutique, Ingerop Life Sciences a pour objectif d\u2019accompagner ses clients dans leurs r\u00e9flexions op\u00e9rationnelles et r\u00e9glementaires, dans la conception et l\u2019\u00e9volution de leurs outils de production ainsi que dans la mise en \u0153uvre de leurs projets industriels.\" \/>\n<meta property=\"og:url\" content=\"https:\/\/www.ingerop.fr\/en\/our-range-of-services\/our-subsidiary-in-france\/ingerop-life-sciences\/\" \/>\n<meta property=\"og:site_name\" content=\"Ing\u00e9rop\" \/>\n<meta property=\"article:modified_time\" content=\"2023-08-22T09:25:43+00:00\" \/>\n<meta property=\"og:image\" content=\"https:\/\/www.ingerop.fr\/wp-content\/uploads\/2023\/02\/ILS.jpg\" \/>\n\t<meta property=\"og:image:width\" content=\"2000\" \/>\n\t<meta property=\"og:image:height\" content=\"1335\" \/>\n\t<meta property=\"og:image:type\" content=\"image\/jpeg\" \/>\n<meta name=\"twitter:card\" content=\"summary_large_image\" \/>\n<script type=\"application\/ld+json\" class=\"yoast-schema-graph\">{\"@context\":\"https:\\\/\\\/schema.org\",\"@graph\":[{\"@type\":\"WebPage\",\"@id\":\"https:\\\/\\\/www.ingerop.fr\\\/en\\\/our-range-of-services\\\/our-subsidiary-in-france\\\/ingerop-life-sciences\\\/\",\"url\":\"https:\\\/\\\/www.ingerop.fr\\\/en\\\/our-range-of-services\\\/our-subsidiary-in-france\\\/ingerop-life-sciences\\\/\",\"name\":\"Ingerop Life Sciences - Ing\u00e9rop\",\"isPartOf\":{\"@id\":\"https:\\\/\\\/www.ingerop.fr\\\/en\\\/#website\"},\"primaryImageOfPage\":{\"@id\":\"https:\\\/\\\/www.ingerop.fr\\\/en\\\/our-range-of-services\\\/our-subsidiary-in-france\\\/ingerop-life-sciences\\\/#primaryimage\"},\"image\":{\"@id\":\"https:\\\/\\\/www.ingerop.fr\\\/en\\\/our-range-of-services\\\/our-subsidiary-in-france\\\/ingerop-life-sciences\\\/#primaryimage\"},\"thumbnailUrl\":\"https:\\\/\\\/www.ingerop.fr\\\/wp-content\\\/uploads\\\/2023\\\/02\\\/ILS.jpg\",\"datePublished\":\"2022-10-12T14:48:00+00:00\",\"dateModified\":\"2023-08-22T09:25:43+00:00\",\"breadcrumb\":{\"@id\":\"https:\\\/\\\/www.ingerop.fr\\\/en\\\/our-range-of-services\\\/our-subsidiary-in-france\\\/ingerop-life-sciences\\\/#breadcrumb\"},\"inLanguage\":\"en-US\",\"potentialAction\":[{\"@type\":\"ReadAction\",\"target\":[\"https:\\\/\\\/www.ingerop.fr\\\/en\\\/our-range-of-services\\\/our-subsidiary-in-france\\\/ingerop-life-sciences\\\/\"]}]},{\"@type\":\"ImageObject\",\"inLanguage\":\"en-US\",\"@id\":\"https:\\\/\\\/www.ingerop.fr\\\/en\\\/our-range-of-services\\\/our-subsidiary-in-france\\\/ingerop-life-sciences\\\/#primaryimage\",\"url\":\"https:\\\/\\\/www.ingerop.fr\\\/wp-content\\\/uploads\\\/2023\\\/02\\\/ILS.jpg\",\"contentUrl\":\"https:\\\/\\\/www.ingerop.fr\\\/wp-content\\\/uploads\\\/2023\\\/02\\\/ILS.jpg\",\"width\":2000,\"height\":1335},{\"@type\":\"BreadcrumbList\",\"@id\":\"https:\\\/\\\/www.ingerop.fr\\\/en\\\/our-range-of-services\\\/our-subsidiary-in-france\\\/ingerop-life-sciences\\\/#breadcrumb\",\"itemListElement\":[{\"@type\":\"ListItem\",\"position\":1,\"name\":\"Home\",\"item\":\"https:\\\/\\\/www.ingerop.fr\\\/en\\\/\"},{\"@type\":\"ListItem\",\"position\":2,\"name\":\"Our Range of Services\",\"item\":\"https:\\\/\\\/www.ingerop.fr\\\/en\\\/our-range-of-services\\\/\"},{\"@type\":\"ListItem\",\"position\":3,\"name\":\"Our subsidiaries in France\",\"item\":\"https:\\\/\\\/www.ingerop.fr\\\/en\\\/our-range-of-services\\\/our-subsidiary-in-france\\\/\"},{\"@type\":\"ListItem\",\"position\":4,\"name\":\"Ingerop Life Sciences\"}]},{\"@type\":\"WebSite\",\"@id\":\"https:\\\/\\\/www.ingerop.fr\\\/en\\\/#website\",\"url\":\"https:\\\/\\\/www.ingerop.fr\\\/en\\\/\",\"name\":\"Ing\u00e9rop\",\"description\":\"Inventons demain\",\"publisher\":{\"@id\":\"https:\\\/\\\/www.ingerop.fr\\\/en\\\/#organization\"},\"potentialAction\":[{\"@type\":\"SearchAction\",\"target\":{\"@type\":\"EntryPoint\",\"urlTemplate\":\"https:\\\/\\\/www.ingerop.fr\\\/en\\\/?s={search_term_string}\"},\"query-input\":{\"@type\":\"PropertyValueSpecification\",\"valueRequired\":true,\"valueName\":\"search_term_string\"}}],\"inLanguage\":\"en-US\"},{\"@type\":\"Organization\",\"@id\":\"https:\\\/\\\/www.ingerop.fr\\\/en\\\/#organization\",\"name\":\"Ing\u00e9rop\",\"url\":\"https:\\\/\\\/www.ingerop.fr\\\/en\\\/\",\"logo\":{\"@type\":\"ImageObject\",\"inLanguage\":\"en-US\",\"@id\":\"https:\\\/\\\/www.ingerop.fr\\\/en\\\/#\\\/schema\\\/logo\\\/image\\\/\",\"url\":\"https:\\\/\\\/www.ingerop.fr\\\/wp-content\\\/uploads\\\/2023\\\/07\\\/logo.jpg\",\"contentUrl\":\"https:\\\/\\\/www.ingerop.fr\\\/wp-content\\\/uploads\\\/2023\\\/07\\\/logo.jpg\",\"width\":522,\"height\":151,\"caption\":\"Ing\u00e9rop\"},\"image\":{\"@id\":\"https:\\\/\\\/www.ingerop.fr\\\/en\\\/#\\\/schema\\\/logo\\\/image\\\/\"},\"sameAs\":[\"https:\\\/\\\/www.linkedin.com\\\/company\\\/ingerop\\\/\"]}]}<\/script>\n<!-- \/ Yoast SEO Premium plugin. -->","yoast_head_json":{"title":"Ingerop Life Sciences - Ing\u00e9rop","robots":{"index":"index","follow":"follow","max-snippet":"max-snippet:-1","max-image-preview":"max-image-preview:large","max-video-preview":"max-video-preview:-1"},"canonical":"https:\/\/www.ingerop.fr\/en\/our-range-of-services\/our-subsidiary-in-france\/ingerop-life-sciences\/","og_locale":"en_US","og_type":"article","og_title":"Ingerop Life Sciences","og_description":"Filiale de conseil \u00e0 destination de l\u2019industrie pharmaceutique, Ingerop Life Sciences a pour objectif d\u2019accompagner ses clients dans leurs r\u00e9flexions op\u00e9rationnelles et r\u00e9glementaires, dans la conception et l\u2019\u00e9volution de leurs outils de production ainsi que dans la mise en \u0153uvre de leurs projets industriels.","og_url":"https:\/\/www.ingerop.fr\/en\/our-range-of-services\/our-subsidiary-in-france\/ingerop-life-sciences\/","og_site_name":"Ing\u00e9rop","article_modified_time":"2023-08-22T09:25:43+00:00","og_image":[{"width":2000,"height":1335,"url":"https:\/\/www.ingerop.fr\/wp-content\/uploads\/2023\/02\/ILS.jpg","type":"image\/jpeg"}],"twitter_card":"summary_large_image","schema":{"@context":"https:\/\/schema.org","@graph":[{"@type":"WebPage","@id":"https:\/\/www.ingerop.fr\/en\/our-range-of-services\/our-subsidiary-in-france\/ingerop-life-sciences\/","url":"https:\/\/www.ingerop.fr\/en\/our-range-of-services\/our-subsidiary-in-france\/ingerop-life-sciences\/","name":"Ingerop Life Sciences - Ing\u00e9rop","isPartOf":{"@id":"https:\/\/www.ingerop.fr\/en\/#website"},"primaryImageOfPage":{"@id":"https:\/\/www.ingerop.fr\/en\/our-range-of-services\/our-subsidiary-in-france\/ingerop-life-sciences\/#primaryimage"},"image":{"@id":"https:\/\/www.ingerop.fr\/en\/our-range-of-services\/our-subsidiary-in-france\/ingerop-life-sciences\/#primaryimage"},"thumbnailUrl":"https:\/\/www.ingerop.fr\/wp-content\/uploads\/2023\/02\/ILS.jpg","datePublished":"2022-10-12T14:48:00+00:00","dateModified":"2023-08-22T09:25:43+00:00","breadcrumb":{"@id":"https:\/\/www.ingerop.fr\/en\/our-range-of-services\/our-subsidiary-in-france\/ingerop-life-sciences\/#breadcrumb"},"inLanguage":"en-US","potentialAction":[{"@type":"ReadAction","target":["https:\/\/www.ingerop.fr\/en\/our-range-of-services\/our-subsidiary-in-france\/ingerop-life-sciences\/"]}]},{"@type":"ImageObject","inLanguage":"en-US","@id":"https:\/\/www.ingerop.fr\/en\/our-range-of-services\/our-subsidiary-in-france\/ingerop-life-sciences\/#primaryimage","url":"https:\/\/www.ingerop.fr\/wp-content\/uploads\/2023\/02\/ILS.jpg","contentUrl":"https:\/\/www.ingerop.fr\/wp-content\/uploads\/2023\/02\/ILS.jpg","width":2000,"height":1335},{"@type":"BreadcrumbList","@id":"https:\/\/www.ingerop.fr\/en\/our-range-of-services\/our-subsidiary-in-france\/ingerop-life-sciences\/#breadcrumb","itemListElement":[{"@type":"ListItem","position":1,"name":"Home","item":"https:\/\/www.ingerop.fr\/en\/"},{"@type":"ListItem","position":2,"name":"Our Range of Services","item":"https:\/\/www.ingerop.fr\/en\/our-range-of-services\/"},{"@type":"ListItem","position":3,"name":"Our subsidiaries in France","item":"https:\/\/www.ingerop.fr\/en\/our-range-of-services\/our-subsidiary-in-france\/"},{"@type":"ListItem","position":4,"name":"Ingerop Life Sciences"}]},{"@type":"WebSite","@id":"https:\/\/www.ingerop.fr\/en\/#website","url":"https:\/\/www.ingerop.fr\/en\/","name":"Ing\u00e9rop","description":"Inventons demain","publisher":{"@id":"https:\/\/www.ingerop.fr\/en\/#organization"},"potentialAction":[{"@type":"SearchAction","target":{"@type":"EntryPoint","urlTemplate":"https:\/\/www.ingerop.fr\/en\/?s={search_term_string}"},"query-input":{"@type":"PropertyValueSpecification","valueRequired":true,"valueName":"search_term_string"}}],"inLanguage":"en-US"},{"@type":"Organization","@id":"https:\/\/www.ingerop.fr\/en\/#organization","name":"Ing\u00e9rop","url":"https:\/\/www.ingerop.fr\/en\/","logo":{"@type":"ImageObject","inLanguage":"en-US","@id":"https:\/\/www.ingerop.fr\/en\/#\/schema\/logo\/image\/","url":"https:\/\/www.ingerop.fr\/wp-content\/uploads\/2023\/07\/logo.jpg","contentUrl":"https:\/\/www.ingerop.fr\/wp-content\/uploads\/2023\/07\/logo.jpg","width":522,"height":151,"caption":"Ing\u00e9rop"},"image":{"@id":"https:\/\/www.ingerop.fr\/en\/#\/schema\/logo\/image\/"},"sameAs":["https:\/\/www.linkedin.com\/company\/ingerop\/"]}]}},"_links":{"self":[{"href":"https:\/\/www.ingerop.fr\/en\/wp-json\/wp\/v2\/pages\/5035","targetHints":{"allow":["GET"]}}],"collection":[{"href":"https:\/\/www.ingerop.fr\/en\/wp-json\/wp\/v2\/pages"}],"about":[{"href":"https:\/\/www.ingerop.fr\/en\/wp-json\/wp\/v2\/types\/page"}],"author":[{"embeddable":true,"href":"https:\/\/www.ingerop.fr\/en\/wp-json\/wp\/v2\/users\/1"}],"replies":[{"embeddable":true,"href":"https:\/\/www.ingerop.fr\/en\/wp-json\/wp\/v2\/comments?post=5035"}],"version-history":[{"count":0,"href":"https:\/\/www.ingerop.fr\/en\/wp-json\/wp\/v2\/pages\/5035\/revisions"}],"up":[{"embeddable":true,"href":"https:\/\/www.ingerop.fr\/en\/wp-json\/wp\/v2\/pages\/5015"}],"wp:featuredmedia":[{"embeddable":true,"href":"https:\/\/www.ingerop.fr\/en\/wp-json\/wp\/v2\/media\/5036"}],"wp:attachment":[{"href":"https:\/\/www.ingerop.fr\/en\/wp-json\/wp\/v2\/media?parent=5035"}],"curies":[{"name":"wp","href":"https:\/\/api.w.org\/{rel}","templated":true}]}}