{"id":5007,"date":"2023-02-02T18:23:52","date_gmt":"2023-02-02T17:23:52","guid":{"rendered":"https:\/\/www.ingerop.fr\/mazet-associes\/"},"modified":"2023-08-22T11:18:02","modified_gmt":"2023-08-22T09:18:02","slug":"mazet-associes","status":"publish","type":"page","link":"https:\/\/www.ingerop.fr\/en\/our-range-of-services\/our-subsidiary-in-france\/mazet-associes\/","title":{"rendered":"Mazet &#038; associ\u00e9s"},"content":{"rendered":"<div class=\"px-22\">\n    <div class=\"max-w-[1240px] text-[18px] leading-[24px] mx-auto md:py-16 md:py-46 gap-32 lg:flex\" id=\"\">\n        <div class=\"flex-1 prose\">\n            <p>Mazet &amp; associ\u00e9s specialises in construction economics and project management, and is involved in all types of property programme, in both public and private contracts, and in both new-build and refurbishment projects. The company provides its skills either as part of the project management team (French or foreign), or in support of the project owner.<\/p>\n<p>Our staff are fully conversant with public procedures, and have a good knowledge of the current market and the architects with whom they work on a regular basis.<\/p>\n<p style=\"text-align: center;\"><a class=\"btn-outline\" href=\"https:\/\/mazet-associes.com\/\" target=\"_blank\" rel=\"noopener\">D\u00e9couvrir Mazet &amp; Associ\u00e9s<\/a><\/p>\n        <\/div>\n                    <\/div>\n<\/div>\n","protected":false},"excerpt":{"rendered":"<p>Sp\u00e9cialis\u00e9e en\u00a0\u00e9conomie de la construction\u00a0et en\u00a0gestion de projets, Mazet &#038; associ\u00e9s intervient dans tout type de programme immobilier, en march\u00e9s publics ou priv\u00e9s, en constructions neuves ou en r\u00e9habilitation. La soci\u00e9t\u00e9 apporte ses comp\u00e9tences soit au sein de ma\u00eetrise d\u2019\u0153uvre (fran\u00e7aise ou \u00e9trang\u00e8re), soit en assistance aupr\u00e8s de ma\u00eetre d\u2019ouvrage.<\/p>\n","protected":false},"author":3,"featured_media":5008,"parent":5015,"menu_order":0,"comment_status":"closed","ping_status":"closed","template":"","meta":{"_acf_changed":false,"inline_featured_image":false,"footnotes":""},"class_list":["post-5007","page","type-page","status-publish","has-post-thumbnail","hentry"],"acf":[],"yoast_head":"<!-- This site is optimized with the Yoast SEO Premium plugin v27.4 (Yoast SEO v27.4) - https:\/\/yoast.com\/product\/yoast-seo-premium-wordpress\/ -->\n<title>Mazet &amp; associ\u00e9s - Ing\u00e9rop<\/title>\n<meta name=\"robots\" content=\"index, follow, max-snippet:-1, max-image-preview:large, max-video-preview:-1\" \/>\n<link rel=\"canonical\" href=\"https:\/\/www.ingerop.fr\/en\/our-range-of-services\/our-subsidiary-in-france\/mazet-associes\/\" \/>\n<meta property=\"og:locale\" content=\"en_US\" \/>\n<meta property=\"og:type\" content=\"article\" \/>\n<meta property=\"og:title\" content=\"Mazet &amp; associ\u00e9s\" \/>\n<meta property=\"og:description\" content=\"Sp\u00e9cialis\u00e9e en\u00a0\u00e9conomie de la construction\u00a0et en\u00a0gestion de projets, Mazet &amp; associ\u00e9s intervient dans tout type de programme immobilier, en march\u00e9s publics ou priv\u00e9s, en constructions neuves ou en r\u00e9habilitation. La soci\u00e9t\u00e9 apporte ses comp\u00e9tences soit au sein de ma\u00eetrise d\u2019\u0153uvre (fran\u00e7aise ou \u00e9trang\u00e8re), soit en assistance aupr\u00e8s de ma\u00eetre d\u2019ouvrage.\" \/>\n<meta property=\"og:url\" content=\"https:\/\/www.ingerop.fr\/en\/our-range-of-services\/our-subsidiary-in-france\/mazet-associes\/\" \/>\n<meta property=\"og:site_name\" content=\"Ing\u00e9rop\" \/>\n<meta property=\"article:modified_time\" content=\"2023-08-22T09:18:02+00:00\" \/>\n<meta property=\"og:image\" content=\"https:\/\/www.ingerop.fr\/wp-content\/uploads\/2023\/02\/Mazet-Rue-Reaumur-\u00a9ORY.jpg\" \/>\n\t<meta property=\"og:image:width\" content=\"1400\" \/>\n\t<meta property=\"og:image:height\" content=\"800\" \/>\n\t<meta property=\"og:image:type\" content=\"image\/jpeg\" \/>\n<meta name=\"twitter:card\" content=\"summary_large_image\" \/>\n<script type=\"application\/ld+json\" class=\"yoast-schema-graph\">{\"@context\":\"https:\\\/\\\/schema.org\",\"@graph\":[{\"@type\":\"WebPage\",\"@id\":\"https:\\\/\\\/www.ingerop.fr\\\/en\\\/our-range-of-services\\\/our-subsidiary-in-france\\\/mazet-associes\\\/\",\"url\":\"https:\\\/\\\/www.ingerop.fr\\\/en\\\/our-range-of-services\\\/our-subsidiary-in-france\\\/mazet-associes\\\/\",\"name\":\"Mazet & associ\u00e9s - Ing\u00e9rop\",\"isPartOf\":{\"@id\":\"https:\\\/\\\/www.ingerop.fr\\\/en\\\/#website\"},\"primaryImageOfPage\":{\"@id\":\"https:\\\/\\\/www.ingerop.fr\\\/en\\\/our-range-of-services\\\/our-subsidiary-in-france\\\/mazet-associes\\\/#primaryimage\"},\"image\":{\"@id\":\"https:\\\/\\\/www.ingerop.fr\\\/en\\\/our-range-of-services\\\/our-subsidiary-in-france\\\/mazet-associes\\\/#primaryimage\"},\"thumbnailUrl\":\"https:\\\/\\\/www.ingerop.fr\\\/wp-content\\\/uploads\\\/2023\\\/02\\\/Mazet-Rue-Reaumur-\u00a9ORY.jpg\",\"datePublished\":\"2023-02-02T17:23:52+00:00\",\"dateModified\":\"2023-08-22T09:18:02+00:00\",\"breadcrumb\":{\"@id\":\"https:\\\/\\\/www.ingerop.fr\\\/en\\\/our-range-of-services\\\/our-subsidiary-in-france\\\/mazet-associes\\\/#breadcrumb\"},\"inLanguage\":\"en-US\",\"potentialAction\":[{\"@type\":\"ReadAction\",\"target\":[\"https:\\\/\\\/www.ingerop.fr\\\/en\\\/our-range-of-services\\\/our-subsidiary-in-france\\\/mazet-associes\\\/\"]}]},{\"@type\":\"ImageObject\",\"inLanguage\":\"en-US\",\"@id\":\"https:\\\/\\\/www.ingerop.fr\\\/en\\\/our-range-of-services\\\/our-subsidiary-in-france\\\/mazet-associes\\\/#primaryimage\",\"url\":\"https:\\\/\\\/www.ingerop.fr\\\/wp-content\\\/uploads\\\/2023\\\/02\\\/Mazet-Rue-Reaumur-\u00a9ORY.jpg\",\"contentUrl\":\"https:\\\/\\\/www.ingerop.fr\\\/wp-content\\\/uploads\\\/2023\\\/02\\\/Mazet-Rue-Reaumur-\u00a9ORY.jpg\",\"width\":1400,\"height\":800},{\"@type\":\"BreadcrumbList\",\"@id\":\"https:\\\/\\\/www.ingerop.fr\\\/en\\\/our-range-of-services\\\/our-subsidiary-in-france\\\/mazet-associes\\\/#breadcrumb\",\"itemListElement\":[{\"@type\":\"ListItem\",\"position\":1,\"name\":\"Home\",\"item\":\"https:\\\/\\\/www.ingerop.fr\\\/en\\\/\"},{\"@type\":\"ListItem\",\"position\":2,\"name\":\"Our Range of Services\",\"item\":\"https:\\\/\\\/www.ingerop.fr\\\/en\\\/our-range-of-services\\\/\"},{\"@type\":\"ListItem\",\"position\":3,\"name\":\"Our subsidiaries in France\",\"item\":\"https:\\\/\\\/www.ingerop.fr\\\/en\\\/our-range-of-services\\\/our-subsidiary-in-france\\\/\"},{\"@type\":\"ListItem\",\"position\":4,\"name\":\"Mazet &#038; associ\u00e9s\"}]},{\"@type\":\"WebSite\",\"@id\":\"https:\\\/\\\/www.ingerop.fr\\\/en\\\/#website\",\"url\":\"https:\\\/\\\/www.ingerop.fr\\\/en\\\/\",\"name\":\"Ing\u00e9rop\",\"description\":\"Inventons demain\",\"publisher\":{\"@id\":\"https:\\\/\\\/www.ingerop.fr\\\/en\\\/#organization\"},\"potentialAction\":[{\"@type\":\"SearchAction\",\"target\":{\"@type\":\"EntryPoint\",\"urlTemplate\":\"https:\\\/\\\/www.ingerop.fr\\\/en\\\/?s={search_term_string}\"},\"query-input\":{\"@type\":\"PropertyValueSpecification\",\"valueRequired\":true,\"valueName\":\"search_term_string\"}}],\"inLanguage\":\"en-US\"},{\"@type\":\"Organization\",\"@id\":\"https:\\\/\\\/www.ingerop.fr\\\/en\\\/#organization\",\"name\":\"Ing\u00e9rop\",\"url\":\"https:\\\/\\\/www.ingerop.fr\\\/en\\\/\",\"logo\":{\"@type\":\"ImageObject\",\"inLanguage\":\"en-US\",\"@id\":\"https:\\\/\\\/www.ingerop.fr\\\/en\\\/#\\\/schema\\\/logo\\\/image\\\/\",\"url\":\"https:\\\/\\\/www.ingerop.fr\\\/wp-content\\\/uploads\\\/2023\\\/07\\\/logo.jpg\",\"contentUrl\":\"https:\\\/\\\/www.ingerop.fr\\\/wp-content\\\/uploads\\\/2023\\\/07\\\/logo.jpg\",\"width\":522,\"height\":151,\"caption\":\"Ing\u00e9rop\"},\"image\":{\"@id\":\"https:\\\/\\\/www.ingerop.fr\\\/en\\\/#\\\/schema\\\/logo\\\/image\\\/\"},\"sameAs\":[\"https:\\\/\\\/www.linkedin.com\\\/company\\\/ingerop\\\/\"]}]}<\/script>\n<!-- \/ Yoast SEO Premium plugin. -->","yoast_head_json":{"title":"Mazet & associ\u00e9s - Ing\u00e9rop","robots":{"index":"index","follow":"follow","max-snippet":"max-snippet:-1","max-image-preview":"max-image-preview:large","max-video-preview":"max-video-preview:-1"},"canonical":"https:\/\/www.ingerop.fr\/en\/our-range-of-services\/our-subsidiary-in-france\/mazet-associes\/","og_locale":"en_US","og_type":"article","og_title":"Mazet & associ\u00e9s","og_description":"Sp\u00e9cialis\u00e9e en\u00a0\u00e9conomie de la construction\u00a0et en\u00a0gestion de projets, Mazet & associ\u00e9s intervient dans tout type de programme immobilier, en march\u00e9s publics ou priv\u00e9s, en constructions neuves ou en r\u00e9habilitation. La soci\u00e9t\u00e9 apporte ses comp\u00e9tences soit au sein de ma\u00eetrise d\u2019\u0153uvre (fran\u00e7aise ou \u00e9trang\u00e8re), soit en assistance aupr\u00e8s de ma\u00eetre d\u2019ouvrage.","og_url":"https:\/\/www.ingerop.fr\/en\/our-range-of-services\/our-subsidiary-in-france\/mazet-associes\/","og_site_name":"Ing\u00e9rop","article_modified_time":"2023-08-22T09:18:02+00:00","og_image":[{"width":1400,"height":800,"url":"https:\/\/www.ingerop.fr\/wp-content\/uploads\/2023\/02\/Mazet-Rue-Reaumur-\u00a9ORY.jpg","type":"image\/jpeg"}],"twitter_card":"summary_large_image","schema":{"@context":"https:\/\/schema.org","@graph":[{"@type":"WebPage","@id":"https:\/\/www.ingerop.fr\/en\/our-range-of-services\/our-subsidiary-in-france\/mazet-associes\/","url":"https:\/\/www.ingerop.fr\/en\/our-range-of-services\/our-subsidiary-in-france\/mazet-associes\/","name":"Mazet & associ\u00e9s - Ing\u00e9rop","isPartOf":{"@id":"https:\/\/www.ingerop.fr\/en\/#website"},"primaryImageOfPage":{"@id":"https:\/\/www.ingerop.fr\/en\/our-range-of-services\/our-subsidiary-in-france\/mazet-associes\/#primaryimage"},"image":{"@id":"https:\/\/www.ingerop.fr\/en\/our-range-of-services\/our-subsidiary-in-france\/mazet-associes\/#primaryimage"},"thumbnailUrl":"https:\/\/www.ingerop.fr\/wp-content\/uploads\/2023\/02\/Mazet-Rue-Reaumur-\u00a9ORY.jpg","datePublished":"2023-02-02T17:23:52+00:00","dateModified":"2023-08-22T09:18:02+00:00","breadcrumb":{"@id":"https:\/\/www.ingerop.fr\/en\/our-range-of-services\/our-subsidiary-in-france\/mazet-associes\/#breadcrumb"},"inLanguage":"en-US","potentialAction":[{"@type":"ReadAction","target":["https:\/\/www.ingerop.fr\/en\/our-range-of-services\/our-subsidiary-in-france\/mazet-associes\/"]}]},{"@type":"ImageObject","inLanguage":"en-US","@id":"https:\/\/www.ingerop.fr\/en\/our-range-of-services\/our-subsidiary-in-france\/mazet-associes\/#primaryimage","url":"https:\/\/www.ingerop.fr\/wp-content\/uploads\/2023\/02\/Mazet-Rue-Reaumur-\u00a9ORY.jpg","contentUrl":"https:\/\/www.ingerop.fr\/wp-content\/uploads\/2023\/02\/Mazet-Rue-Reaumur-\u00a9ORY.jpg","width":1400,"height":800},{"@type":"BreadcrumbList","@id":"https:\/\/www.ingerop.fr\/en\/our-range-of-services\/our-subsidiary-in-france\/mazet-associes\/#breadcrumb","itemListElement":[{"@type":"ListItem","position":1,"name":"Home","item":"https:\/\/www.ingerop.fr\/en\/"},{"@type":"ListItem","position":2,"name":"Our Range of Services","item":"https:\/\/www.ingerop.fr\/en\/our-range-of-services\/"},{"@type":"ListItem","position":3,"name":"Our subsidiaries in France","item":"https:\/\/www.ingerop.fr\/en\/our-range-of-services\/our-subsidiary-in-france\/"},{"@type":"ListItem","position":4,"name":"Mazet &#038; associ\u00e9s"}]},{"@type":"WebSite","@id":"https:\/\/www.ingerop.fr\/en\/#website","url":"https:\/\/www.ingerop.fr\/en\/","name":"Ing\u00e9rop","description":"Inventons demain","publisher":{"@id":"https:\/\/www.ingerop.fr\/en\/#organization"},"potentialAction":[{"@type":"SearchAction","target":{"@type":"EntryPoint","urlTemplate":"https:\/\/www.ingerop.fr\/en\/?s={search_term_string}"},"query-input":{"@type":"PropertyValueSpecification","valueRequired":true,"valueName":"search_term_string"}}],"inLanguage":"en-US"},{"@type":"Organization","@id":"https:\/\/www.ingerop.fr\/en\/#organization","name":"Ing\u00e9rop","url":"https:\/\/www.ingerop.fr\/en\/","logo":{"@type":"ImageObject","inLanguage":"en-US","@id":"https:\/\/www.ingerop.fr\/en\/#\/schema\/logo\/image\/","url":"https:\/\/www.ingerop.fr\/wp-content\/uploads\/2023\/07\/logo.jpg","contentUrl":"https:\/\/www.ingerop.fr\/wp-content\/uploads\/2023\/07\/logo.jpg","width":522,"height":151,"caption":"Ing\u00e9rop"},"image":{"@id":"https:\/\/www.ingerop.fr\/en\/#\/schema\/logo\/image\/"},"sameAs":["https:\/\/www.linkedin.com\/company\/ingerop\/"]}]}},"_links":{"self":[{"href":"https:\/\/www.ingerop.fr\/en\/wp-json\/wp\/v2\/pages\/5007","targetHints":{"allow":["GET"]}}],"collection":[{"href":"https:\/\/www.ingerop.fr\/en\/wp-json\/wp\/v2\/pages"}],"about":[{"href":"https:\/\/www.ingerop.fr\/en\/wp-json\/wp\/v2\/types\/page"}],"author":[{"embeddable":true,"href":"https:\/\/www.ingerop.fr\/en\/wp-json\/wp\/v2\/users\/3"}],"replies":[{"embeddable":true,"href":"https:\/\/www.ingerop.fr\/en\/wp-json\/wp\/v2\/comments?post=5007"}],"version-history":[{"count":0,"href":"https:\/\/www.ingerop.fr\/en\/wp-json\/wp\/v2\/pages\/5007\/revisions"}],"up":[{"embeddable":true,"href":"https:\/\/www.ingerop.fr\/en\/wp-json\/wp\/v2\/pages\/5015"}],"wp:featuredmedia":[{"embeddable":true,"href":"https:\/\/www.ingerop.fr\/en\/wp-json\/wp\/v2\/media\/5008"}],"wp:attachment":[{"href":"https:\/\/www.ingerop.fr\/en\/wp-json\/wp\/v2\/media?parent=5007"}],"curies":[{"name":"wp","href":"https:\/\/api.w.org\/{rel}","templated":true}]}}