{"id":5003,"date":"2023-02-03T13:43:23","date_gmt":"2023-02-03T12:43:23","guid":{"rendered":"https:\/\/www.ingerop.fr\/acxes-by-ingerop\/"},"modified":"2023-08-22T11:12:25","modified_gmt":"2023-08-22T09:12:25","slug":"acxes-by-ingerop","status":"publish","type":"page","link":"https:\/\/www.ingerop.fr\/en\/our-range-of-services\/our-subsidiary-in-france\/acxes-by-ingerop\/","title":{"rendered":"ACXES by Ingerop"},"content":{"rendered":"<div class=\"px-22\">\n    <div class=\"max-w-[1240px] text-[18px] leading-[24px] mx-auto md:py-16 md:py-46 gap-32 lg:flex\" id=\"\">\n        <div class=\"flex-1 prose\">\n            <p>Women and men and of ACXES bring Ingerop&#8217;s know-how directly to their customers in the nuclear and rail sectors, under the supervision of Ingerop&#8217;s expertise.<\/p>\n        <\/div>\n                    <\/div>\n<\/div>\n","protected":false},"excerpt":{"rendered":"<p>Les femmes et les hommes d&#8217;ACXES apportent leur savoir-faire d&#8217;Ing\u00e9rop directement chez leurs clients dans les secteurs du nucl\u00e9aire et ferroviaire, le tout encadrer par l&#8217;expertise d&#8217;Ing\u00e9rop.<\/p>\n","protected":false},"author":3,"featured_media":5004,"parent":5015,"menu_order":0,"comment_status":"closed","ping_status":"closed","template":"","meta":{"_acf_changed":false,"inline_featured_image":false,"footnotes":""},"class_list":["post-5003","page","type-page","status-publish","has-post-thumbnail","hentry"],"acf":[],"yoast_head":"<!-- This site is optimized with the Yoast SEO Premium plugin v27.4 (Yoast SEO v27.5) - https:\/\/yoast.com\/product\/yoast-seo-premium-wordpress\/ -->\n<title>ACXES by Ingerop - Ing\u00e9rop<\/title>\n<meta name=\"robots\" content=\"index, follow, max-snippet:-1, max-image-preview:large, max-video-preview:-1\" \/>\n<link rel=\"canonical\" href=\"https:\/\/www.ingerop.fr\/en\/our-range-of-services\/our-subsidiary-in-france\/acxes-by-ingerop\/\" \/>\n<meta property=\"og:locale\" content=\"en_US\" \/>\n<meta property=\"og:type\" content=\"article\" \/>\n<meta property=\"og:title\" content=\"ACXES by Ingerop\" \/>\n<meta property=\"og:description\" content=\"Les femmes et les hommes d&#039;ACXES apportent leur savoir-faire d&#039;Ing\u00e9rop directement chez leurs clients dans les secteurs du nucl\u00e9aire et ferroviaire, le tout encadrer par l&#039;expertise d&#039;Ing\u00e9rop.\" \/>\n<meta property=\"og:url\" content=\"https:\/\/www.ingerop.fr\/en\/our-range-of-services\/our-subsidiary-in-france\/acxes-by-ingerop\/\" \/>\n<meta property=\"og:site_name\" content=\"Ing\u00e9rop\" \/>\n<meta property=\"article:modified_time\" content=\"2023-08-22T09:12:25+00:00\" \/>\n<meta property=\"og:image\" content=\"https:\/\/www.ingerop.fr\/wp-content\/uploads\/2023\/02\/acxes-by-ingerop.webp\" \/>\n\t<meta property=\"og:image:width\" content=\"952\" \/>\n\t<meta property=\"og:image:height\" content=\"942\" \/>\n\t<meta property=\"og:image:type\" content=\"image\/webp\" \/>\n<meta name=\"twitter:card\" content=\"summary_large_image\" \/>\n<script type=\"application\/ld+json\" class=\"yoast-schema-graph\">{\"@context\":\"https:\\\/\\\/schema.org\",\"@graph\":[{\"@type\":\"WebPage\",\"@id\":\"https:\\\/\\\/www.ingerop.fr\\\/en\\\/our-range-of-services\\\/our-subsidiary-in-france\\\/acxes-by-ingerop\\\/\",\"url\":\"https:\\\/\\\/www.ingerop.fr\\\/en\\\/our-range-of-services\\\/our-subsidiary-in-france\\\/acxes-by-ingerop\\\/\",\"name\":\"ACXES by Ingerop - Ing\u00e9rop\",\"isPartOf\":{\"@id\":\"https:\\\/\\\/www.ingerop.fr\\\/en\\\/#website\"},\"primaryImageOfPage\":{\"@id\":\"https:\\\/\\\/www.ingerop.fr\\\/en\\\/our-range-of-services\\\/our-subsidiary-in-france\\\/acxes-by-ingerop\\\/#primaryimage\"},\"image\":{\"@id\":\"https:\\\/\\\/www.ingerop.fr\\\/en\\\/our-range-of-services\\\/our-subsidiary-in-france\\\/acxes-by-ingerop\\\/#primaryimage\"},\"thumbnailUrl\":\"https:\\\/\\\/www.ingerop.fr\\\/wp-content\\\/uploads\\\/2023\\\/02\\\/acxes-by-ingerop.webp\",\"datePublished\":\"2023-02-03T12:43:23+00:00\",\"dateModified\":\"2023-08-22T09:12:25+00:00\",\"breadcrumb\":{\"@id\":\"https:\\\/\\\/www.ingerop.fr\\\/en\\\/our-range-of-services\\\/our-subsidiary-in-france\\\/acxes-by-ingerop\\\/#breadcrumb\"},\"inLanguage\":\"en-US\",\"potentialAction\":[{\"@type\":\"ReadAction\",\"target\":[\"https:\\\/\\\/www.ingerop.fr\\\/en\\\/our-range-of-services\\\/our-subsidiary-in-france\\\/acxes-by-ingerop\\\/\"]}]},{\"@type\":\"ImageObject\",\"inLanguage\":\"en-US\",\"@id\":\"https:\\\/\\\/www.ingerop.fr\\\/en\\\/our-range-of-services\\\/our-subsidiary-in-france\\\/acxes-by-ingerop\\\/#primaryimage\",\"url\":\"https:\\\/\\\/www.ingerop.fr\\\/wp-content\\\/uploads\\\/2023\\\/02\\\/acxes-by-ingerop.webp\",\"contentUrl\":\"https:\\\/\\\/www.ingerop.fr\\\/wp-content\\\/uploads\\\/2023\\\/02\\\/acxes-by-ingerop.webp\",\"width\":952,\"height\":942},{\"@type\":\"BreadcrumbList\",\"@id\":\"https:\\\/\\\/www.ingerop.fr\\\/en\\\/our-range-of-services\\\/our-subsidiary-in-france\\\/acxes-by-ingerop\\\/#breadcrumb\",\"itemListElement\":[{\"@type\":\"ListItem\",\"position\":1,\"name\":\"Home\",\"item\":\"https:\\\/\\\/www.ingerop.fr\\\/en\\\/\"},{\"@type\":\"ListItem\",\"position\":2,\"name\":\"Our Range of Services\",\"item\":\"https:\\\/\\\/www.ingerop.fr\\\/en\\\/our-range-of-services\\\/\"},{\"@type\":\"ListItem\",\"position\":3,\"name\":\"Our subsidiaries in France\",\"item\":\"https:\\\/\\\/www.ingerop.fr\\\/en\\\/our-range-of-services\\\/our-subsidiary-in-france\\\/\"},{\"@type\":\"ListItem\",\"position\":4,\"name\":\"ACXES by Ingerop\"}]},{\"@type\":\"WebSite\",\"@id\":\"https:\\\/\\\/www.ingerop.fr\\\/en\\\/#website\",\"url\":\"https:\\\/\\\/www.ingerop.fr\\\/en\\\/\",\"name\":\"Ing\u00e9rop\",\"description\":\"Inventons demain\",\"publisher\":{\"@id\":\"https:\\\/\\\/www.ingerop.fr\\\/en\\\/#organization\"},\"potentialAction\":[{\"@type\":\"SearchAction\",\"target\":{\"@type\":\"EntryPoint\",\"urlTemplate\":\"https:\\\/\\\/www.ingerop.fr\\\/en\\\/?s={search_term_string}\"},\"query-input\":{\"@type\":\"PropertyValueSpecification\",\"valueRequired\":true,\"valueName\":\"search_term_string\"}}],\"inLanguage\":\"en-US\"},{\"@type\":\"Organization\",\"@id\":\"https:\\\/\\\/www.ingerop.fr\\\/en\\\/#organization\",\"name\":\"Ing\u00e9rop\",\"url\":\"https:\\\/\\\/www.ingerop.fr\\\/en\\\/\",\"logo\":{\"@type\":\"ImageObject\",\"inLanguage\":\"en-US\",\"@id\":\"https:\\\/\\\/www.ingerop.fr\\\/en\\\/#\\\/schema\\\/logo\\\/image\\\/\",\"url\":\"https:\\\/\\\/www.ingerop.fr\\\/wp-content\\\/uploads\\\/2023\\\/07\\\/logo.jpg\",\"contentUrl\":\"https:\\\/\\\/www.ingerop.fr\\\/wp-content\\\/uploads\\\/2023\\\/07\\\/logo.jpg\",\"width\":522,\"height\":151,\"caption\":\"Ing\u00e9rop\"},\"image\":{\"@id\":\"https:\\\/\\\/www.ingerop.fr\\\/en\\\/#\\\/schema\\\/logo\\\/image\\\/\"},\"sameAs\":[\"https:\\\/\\\/www.linkedin.com\\\/company\\\/ingerop\\\/\"]}]}<\/script>\n<!-- \/ Yoast SEO Premium plugin. -->","yoast_head_json":{"title":"ACXES by Ingerop - Ing\u00e9rop","robots":{"index":"index","follow":"follow","max-snippet":"max-snippet:-1","max-image-preview":"max-image-preview:large","max-video-preview":"max-video-preview:-1"},"canonical":"https:\/\/www.ingerop.fr\/en\/our-range-of-services\/our-subsidiary-in-france\/acxes-by-ingerop\/","og_locale":"en_US","og_type":"article","og_title":"ACXES by Ingerop","og_description":"Les femmes et les hommes d'ACXES apportent leur savoir-faire d'Ing\u00e9rop directement chez leurs clients dans les secteurs du nucl\u00e9aire et ferroviaire, le tout encadrer par l'expertise d'Ing\u00e9rop.","og_url":"https:\/\/www.ingerop.fr\/en\/our-range-of-services\/our-subsidiary-in-france\/acxes-by-ingerop\/","og_site_name":"Ing\u00e9rop","article_modified_time":"2023-08-22T09:12:25+00:00","og_image":[{"width":952,"height":942,"url":"https:\/\/www.ingerop.fr\/wp-content\/uploads\/2023\/02\/acxes-by-ingerop.webp","type":"image\/webp"}],"twitter_card":"summary_large_image","schema":{"@context":"https:\/\/schema.org","@graph":[{"@type":"WebPage","@id":"https:\/\/www.ingerop.fr\/en\/our-range-of-services\/our-subsidiary-in-france\/acxes-by-ingerop\/","url":"https:\/\/www.ingerop.fr\/en\/our-range-of-services\/our-subsidiary-in-france\/acxes-by-ingerop\/","name":"ACXES by Ingerop - Ing\u00e9rop","isPartOf":{"@id":"https:\/\/www.ingerop.fr\/en\/#website"},"primaryImageOfPage":{"@id":"https:\/\/www.ingerop.fr\/en\/our-range-of-services\/our-subsidiary-in-france\/acxes-by-ingerop\/#primaryimage"},"image":{"@id":"https:\/\/www.ingerop.fr\/en\/our-range-of-services\/our-subsidiary-in-france\/acxes-by-ingerop\/#primaryimage"},"thumbnailUrl":"https:\/\/www.ingerop.fr\/wp-content\/uploads\/2023\/02\/acxes-by-ingerop.webp","datePublished":"2023-02-03T12:43:23+00:00","dateModified":"2023-08-22T09:12:25+00:00","breadcrumb":{"@id":"https:\/\/www.ingerop.fr\/en\/our-range-of-services\/our-subsidiary-in-france\/acxes-by-ingerop\/#breadcrumb"},"inLanguage":"en-US","potentialAction":[{"@type":"ReadAction","target":["https:\/\/www.ingerop.fr\/en\/our-range-of-services\/our-subsidiary-in-france\/acxes-by-ingerop\/"]}]},{"@type":"ImageObject","inLanguage":"en-US","@id":"https:\/\/www.ingerop.fr\/en\/our-range-of-services\/our-subsidiary-in-france\/acxes-by-ingerop\/#primaryimage","url":"https:\/\/www.ingerop.fr\/wp-content\/uploads\/2023\/02\/acxes-by-ingerop.webp","contentUrl":"https:\/\/www.ingerop.fr\/wp-content\/uploads\/2023\/02\/acxes-by-ingerop.webp","width":952,"height":942},{"@type":"BreadcrumbList","@id":"https:\/\/www.ingerop.fr\/en\/our-range-of-services\/our-subsidiary-in-france\/acxes-by-ingerop\/#breadcrumb","itemListElement":[{"@type":"ListItem","position":1,"name":"Home","item":"https:\/\/www.ingerop.fr\/en\/"},{"@type":"ListItem","position":2,"name":"Our Range of Services","item":"https:\/\/www.ingerop.fr\/en\/our-range-of-services\/"},{"@type":"ListItem","position":3,"name":"Our subsidiaries in France","item":"https:\/\/www.ingerop.fr\/en\/our-range-of-services\/our-subsidiary-in-france\/"},{"@type":"ListItem","position":4,"name":"ACXES by Ingerop"}]},{"@type":"WebSite","@id":"https:\/\/www.ingerop.fr\/en\/#website","url":"https:\/\/www.ingerop.fr\/en\/","name":"Ing\u00e9rop","description":"Inventons demain","publisher":{"@id":"https:\/\/www.ingerop.fr\/en\/#organization"},"potentialAction":[{"@type":"SearchAction","target":{"@type":"EntryPoint","urlTemplate":"https:\/\/www.ingerop.fr\/en\/?s={search_term_string}"},"query-input":{"@type":"PropertyValueSpecification","valueRequired":true,"valueName":"search_term_string"}}],"inLanguage":"en-US"},{"@type":"Organization","@id":"https:\/\/www.ingerop.fr\/en\/#organization","name":"Ing\u00e9rop","url":"https:\/\/www.ingerop.fr\/en\/","logo":{"@type":"ImageObject","inLanguage":"en-US","@id":"https:\/\/www.ingerop.fr\/en\/#\/schema\/logo\/image\/","url":"https:\/\/www.ingerop.fr\/wp-content\/uploads\/2023\/07\/logo.jpg","contentUrl":"https:\/\/www.ingerop.fr\/wp-content\/uploads\/2023\/07\/logo.jpg","width":522,"height":151,"caption":"Ing\u00e9rop"},"image":{"@id":"https:\/\/www.ingerop.fr\/en\/#\/schema\/logo\/image\/"},"sameAs":["https:\/\/www.linkedin.com\/company\/ingerop\/"]}]}},"_links":{"self":[{"href":"https:\/\/www.ingerop.fr\/en\/wp-json\/wp\/v2\/pages\/5003","targetHints":{"allow":["GET"]}}],"collection":[{"href":"https:\/\/www.ingerop.fr\/en\/wp-json\/wp\/v2\/pages"}],"about":[{"href":"https:\/\/www.ingerop.fr\/en\/wp-json\/wp\/v2\/types\/page"}],"author":[{"embeddable":true,"href":"https:\/\/www.ingerop.fr\/en\/wp-json\/wp\/v2\/users\/3"}],"replies":[{"embeddable":true,"href":"https:\/\/www.ingerop.fr\/en\/wp-json\/wp\/v2\/comments?post=5003"}],"version-history":[{"count":0,"href":"https:\/\/www.ingerop.fr\/en\/wp-json\/wp\/v2\/pages\/5003\/revisions"}],"up":[{"embeddable":true,"href":"https:\/\/www.ingerop.fr\/en\/wp-json\/wp\/v2\/pages\/5015"}],"wp:featuredmedia":[{"embeddable":true,"href":"https:\/\/www.ingerop.fr\/en\/wp-json\/wp\/v2\/media\/5004"}],"wp:attachment":[{"href":"https:\/\/www.ingerop.fr\/en\/wp-json\/wp\/v2\/media?parent=5003"}],"curies":[{"name":"wp","href":"https:\/\/api.w.org\/{rel}","templated":true}]}}